{"id":2370,"date":"2023-05-15T10:53:14","date_gmt":"2023-05-15T10:53:14","guid":{"rendered":"https:\/\/bestyachts.net\/?page_id=2370"},"modified":"2024-12-19T20:38:52","modified_gmt":"2024-12-19T20:38:52","slug":"yachts-charter","status":"publish","type":"page","link":"https:\/\/bestyachts.net\/tr\/service\/yachts-charter\/","title":{"rendered":"Yat Kiralama"},"content":{"rendered":"<section class=\"wpb-content-wrapper\"><section data-vc-full-width=\"true\" data-vc-full-width-init=\"false\" class=\"vc_section vc_custom_1716308480477 vc_section-has-fill\"><div class=\"vc_row wpb_row vc_row-fluid\"><div class=\"wpb_column vc_column_container vc_col-sm-6\"><div class=\"vc_column-inner\"><div class=\"wpb_wrapper\"><h1 style=\"color: #ffffff;text-align: left;font-family:Montserrat;font-weight:400;font-style:normal\" class=\"vc_custom_heading\" >M\u00fckemmel Kiralama<\/h1><\/div><\/div><\/div><div class=\"wpb_column vc_column_container vc_col-sm-6\"><div class=\"vc_column-inner\"><div class=\"wpb_wrapper\"><\/div><\/div><\/div><\/div><\/section><div class=\"vc_row-full-width vc_clearfix\"><\/div><div id=\"content\" class=\"vc_row wpb_row vc_row-fluid vc_custom_1693601933447\"><div class=\"wpb_column vc_column_container vc_col-sm-12\"><div class=\"vc_column-inner\"><div class=\"wpb_wrapper\"><div class=\"vc_row wpb_row vc_inner vc_row-fluid\"><div class=\"wpb_column vc_column_container vc_col-sm-3\"><div class=\"vc_column-inner\"><div class=\"wpb_wrapper\">\n\t<div class=\"wpb_single_image wpb_content_element vc_align_center\">\n\t\t<div class=\"wpb_wrapper\">\n\t\t\t\n\t\t\t<a href=\"https:\/\/bestyachts.net\/tr\/service\/yachts-for-charter\/\" target=\"_self\"><div class=\"vc_single_image-wrapper   vc_box_border_grey\"><img loading=\"lazy\" decoding=\"async\" width=\"800\" height=\"533\" src=\"https:\/\/bestyachts.net\/wp-content\/uploads\/2023\/09\/yachts-for-charter-photo.jpg\" class=\"vc_single_image-img attachment-full\" alt=\"\" title=\"yachts-for-charter-photo\" srcset=\"https:\/\/bestyachts.net\/wp-content\/uploads\/2023\/09\/yachts-for-charter-photo.jpg 800w, https:\/\/bestyachts.net\/wp-content\/uploads\/2023\/09\/yachts-for-charter-photo-300x200.jpg 300w, https:\/\/bestyachts.net\/wp-content\/uploads\/2023\/09\/yachts-for-charter-photo-768x512.jpg 768w, https:\/\/bestyachts.net\/wp-content\/uploads\/2023\/09\/yachts-for-charter-photo-18x12.jpg 18w, https:\/\/bestyachts.net\/wp-content\/uploads\/2023\/09\/yachts-for-charter-photo-100x68.jpg 100w, https:\/\/bestyachts.net\/wp-content\/uploads\/2023\/09\/yachts-for-charter-photo-327x218.jpg 327w\" sizes=\"auto, (max-width: 800px) 100vw, 800px\" \/><\/div><\/a>\n\t\t<\/div>\n\t<\/div>\n<h3 style=\"font-size: 24px;color: #992029;text-align: center;font-family:Montserrat;font-weight:700;font-style:normal\" class=\"vc_custom_heading vc_custom_1697719679396\" >Kiral\u0131k Yatlar<\/h3><\/div><\/div><\/div><div class=\"wpb_column vc_column_container vc_col-sm-3\"><div class=\"vc_column-inner\"><div class=\"wpb_wrapper\">\n\t<div class=\"wpb_single_image wpb_content_element vc_align_center\">\n\t\t<div class=\"wpb_wrapper\">\n\t\t\t\n\t\t\t<a href=\"https:\/\/bestyachts.net\/tr\/service\/destinations2\/\" target=\"_self\"><div class=\"vc_single_image-wrapper   vc_box_border_grey\"><img loading=\"lazy\" decoding=\"async\" width=\"800\" height=\"533\" src=\"https:\/\/bestyachts.net\/wp-content\/uploads\/2023\/09\/charter-destinations-photo.jpg\" class=\"vc_single_image-img attachment-full\" alt=\"\" title=\"charter-destinations-photo\" srcset=\"https:\/\/bestyachts.net\/wp-content\/uploads\/2023\/09\/charter-destinations-photo.jpg 800w, https:\/\/bestyachts.net\/wp-content\/uploads\/2023\/09\/charter-destinations-photo-300x200.jpg 300w, https:\/\/bestyachts.net\/wp-content\/uploads\/2023\/09\/charter-destinations-photo-768x512.jpg 768w, https:\/\/bestyachts.net\/wp-content\/uploads\/2023\/09\/charter-destinations-photo-18x12.jpg 18w, https:\/\/bestyachts.net\/wp-content\/uploads\/2023\/09\/charter-destinations-photo-100x68.jpg 100w, https:\/\/bestyachts.net\/wp-content\/uploads\/2023\/09\/charter-destinations-photo-327x218.jpg 327w\" sizes=\"auto, (max-width: 800px) 100vw, 800px\" \/><\/div><\/a>\n\t\t<\/div>\n\t<\/div>\n<h3 style=\"font-size: 24px;color: #992029;text-align: center;font-family:Montserrat;font-weight:700;font-style:normal\" class=\"vc_custom_heading vc_custom_1697719686458\" >Destinasyonlar<\/h3><\/div><\/div><\/div><div class=\"wpb_column vc_column_container vc_col-sm-3\"><div class=\"vc_column-inner\"><div class=\"wpb_wrapper\">\n\t<div class=\"wpb_single_image wpb_content_element vc_align_center\">\n\t\t<div class=\"wpb_wrapper\">\n\t\t\t\n\t\t\t<a href=\"https:\/\/bestyachts.net\/tr\/service\/corporate-yacht-charter\/\" target=\"_self\"><div class=\"vc_single_image-wrapper   vc_box_border_grey\"><img loading=\"lazy\" decoding=\"async\" width=\"800\" height=\"533\" src=\"https:\/\/bestyachts.net\/wp-content\/uploads\/2023\/09\/your-perfect-charter-photo.jpg\" class=\"vc_single_image-img attachment-full\" alt=\"\" title=\"your-perfect-charter-photo\" srcset=\"https:\/\/bestyachts.net\/wp-content\/uploads\/2023\/09\/your-perfect-charter-photo.jpg 800w, https:\/\/bestyachts.net\/wp-content\/uploads\/2023\/09\/your-perfect-charter-photo-300x200.jpg 300w, https:\/\/bestyachts.net\/wp-content\/uploads\/2023\/09\/your-perfect-charter-photo-768x512.jpg 768w, https:\/\/bestyachts.net\/wp-content\/uploads\/2023\/09\/your-perfect-charter-photo-18x12.jpg 18w, https:\/\/bestyachts.net\/wp-content\/uploads\/2023\/09\/your-perfect-charter-photo-100x68.jpg 100w, https:\/\/bestyachts.net\/wp-content\/uploads\/2023\/09\/your-perfect-charter-photo-327x218.jpg 327w\" sizes=\"auto, (max-width: 800px) 100vw, 800px\" \/><\/div><\/a>\n\t\t<\/div>\n\t<\/div>\n<h3 style=\"font-size: 24px;color: #992029;text-align: center;font-family:Montserrat;font-weight:700;font-style:normal\" class=\"vc_custom_heading vc_custom_1697719695350\" >Corporate Yacht Charter<\/h3><\/div><\/div><\/div><div class=\"wpb_column vc_column_container vc_col-sm-3\"><div class=\"vc_column-inner\"><div class=\"wpb_wrapper\">\n\t<div class=\"wpb_single_image wpb_content_element vc_align_center\">\n\t\t<div class=\"wpb_wrapper\">\n\t\t\t\n\t\t\t<a href=\"https:\/\/bestyachts.net\/tr\/service\/events\/\" target=\"_self\"><div class=\"vc_single_image-wrapper   vc_box_border_grey\"><img loading=\"lazy\" decoding=\"async\" width=\"800\" height=\"533\" src=\"https:\/\/bestyachts.net\/wp-content\/uploads\/2024\/07\/tun4.jpg\" class=\"vc_single_image-img attachment-full\" alt=\"\" title=\"tun4\" srcset=\"https:\/\/bestyachts.net\/wp-content\/uploads\/2024\/07\/tun4.jpg 800w, https:\/\/bestyachts.net\/wp-content\/uploads\/2024\/07\/tun4-300x200.jpg 300w, https:\/\/bestyachts.net\/wp-content\/uploads\/2024\/07\/tun4-768x512.jpg 768w, https:\/\/bestyachts.net\/wp-content\/uploads\/2024\/07\/tun4-18x12.jpg 18w, https:\/\/bestyachts.net\/wp-content\/uploads\/2024\/07\/tun4-100x68.jpg 100w\" sizes=\"auto, (max-width: 800px) 100vw, 800px\" \/><\/div><\/a>\n\t\t<\/div>\n\t<\/div>\n<h3 style=\"font-size: 24px;color: #992029;text-align: center;font-family:Montserrat;font-weight:700;font-style:normal\" class=\"vc_custom_heading vc_custom_1717144785416\" >Events<\/h3><\/div><\/div><\/div><\/div><\/div><\/div><\/div><\/div><div data-vc-full-width=\"true\" data-vc-full-width-init=\"false\" class=\"vc_row wpb_row vc_row-fluid vc_custom_1683806386676\"><div class=\"wpb_column vc_column_container vc_col-sm-6\"><div class=\"vc_column-inner\"><div class=\"wpb_wrapper\"><h1 style=\"font-size: 26px;text-align: left;font-family:Montserrat;font-weight:400;font-style:normal\" class=\"vc_custom_heading vc_custom_1702551045130\" >E\u015fsiz L\u00fcks\u00fc Ke\u015ffedin: T\u00fcrkiye'de Yat Kiralama<\/h1>\n\t<div class=\"wpb_text_column wpb_content_element\" >\n\t\t<div class=\"wpb_wrapper\">\n\t\t\t<p style=\"color: #232628; font-size: 15px; line-height: 25px; text-align: left;\">T\u00fcrkiye'deki se\u00e7kin yat kiralama hizmetlerimizle zarafet ve l\u00fcks\u00fcn tad\u0131n\u0131 \u00e7\u0131kar\u0131n. Kendinizi muhte\u015fem T\u00fcrkiye k\u0131y\u0131 \u015feridinde gezinirken, g\u00fcne\u015fli manzaralar\u0131n tad\u0131n\u0131 \u00e7\u0131kar\u0131rken ve ger\u00e7ekten zengin bir yolculuk deneyimi ya\u015farken hayal edin. \u0130ster huzurlu bir ka\u00e7\u0131\u015f ister macera dolu bir yolculuk ar\u0131yor olun, l\u00fcks yat kiralama hizmetlerimiz unutulmaz bir deneyim vaat ediyor.<\/p>\n<p style=\"text-align: left;\"><strong>Kiral\u0131k L\u00fcks Yatlar: Stil \u0130\u00e7inde Yelken A\u00e7mak<\/strong><\/p>\n<p style=\"color: #232628; font-size: 15px; line-height: 25px; text-align: left;\">Kiral\u0131k l\u00fcks yatlar\u0131m\u0131zla l\u00fcks bir yolculu\u011fa \u00e7\u0131k\u0131n. Stil sahibi bir \u015fekilde yelken a\u00e7arken denizdeki zenginli\u011fi deneyimleyin ve nefes kesen manzaralara hayran kal\u0131n. Her gemi, benzersiz konfor ve son teknoloji olanaklar sunan, geli\u015fmi\u015fli\u011fin bir ba\u015fyap\u0131t\u0131d\u0131r.<\/p>\n<p style=\"text-align: left;\">L\u00fcks yat koleksiyonumuza g\u00f6z atarken \u00e7ok y\u00f6nl\u00fc bir d\u00fcnyay\u0131 ke\u015ffedin. Her gemi, her tercihe uygun l\u00fcks i\u00e7 mekanlara ve modern tasar\u0131mlara sahip, e\u015fsiz bir zenginlik yay\u0131yor.<\/p>\n<p style=\"text-align: left;\">Titizlikle se\u00e7ilmi\u015f yatlar\u0131m\u0131za ad\u0131m at\u0131n ve kendinizi konfor ve stil d\u00fcnyas\u0131na b\u0131rak\u0131n. Konforlu mobilyalardan en son teknolojiye kadar her ayr\u0131nt\u0131, yolculu\u011funuzun ola\u011fan\u00fcst\u00fc olmas\u0131n\u0131 sa\u011flamak i\u00e7in tasarland\u0131. Geni\u015f g\u00fcvertelerde rahatlay\u0131n, g\u00f6rkemli kabinlerde gev\u015feyin ve profesyonel m\u00fcrettebat\u0131m\u0131z\u0131n sundu\u011fu kusursuz hizmetin keyfini \u00e7\u0131kar\u0131n.<\/p>\n\n\t\t<\/div>\n\t<\/div>\n<\/div><\/div><\/div><div class=\"wpb_column vc_column_container vc_col-sm-6\"><div class=\"vc_column-inner\"><div class=\"wpb_wrapper\"><div class=\"vc_empty_space\"   style=\"height: 50px\"><span class=\"vc_empty_space_inner\"><\/span><\/div>\n\t<div class=\"wpb_single_image wpb_content_element vc_align_left  vc_custom_1721994310455\">\n\t\t<div class=\"wpb_wrapper\">\n\t\t\t\n\t\t\t<a href=\"https:\/\/bestyachts.net\/tr\/yachts-for-charter\/m-y-soundwave-2015-63m\/\" target=\"_self\"><div class=\"vc_single_image-wrapper   vc_box_border_grey\"><img loading=\"lazy\" decoding=\"async\" width=\"540\" height=\"482\" src=\"https:\/\/bestyachts.net\/wp-content\/uploads\/2024\/07\/soundwave-charter-ex1.jpg\" class=\"vc_single_image-img attachment-full\" alt=\"\" title=\"soundwave-charter-ex1\" srcset=\"https:\/\/bestyachts.net\/wp-content\/uploads\/2024\/07\/soundwave-charter-ex1.jpg 540w, https:\/\/bestyachts.net\/wp-content\/uploads\/2024\/07\/soundwave-charter-ex1-300x268.jpg 300w, https:\/\/bestyachts.net\/wp-content\/uploads\/2024\/07\/soundwave-charter-ex1-13x12.jpg 13w\" sizes=\"auto, (max-width: 540px) 100vw, 540px\" \/><\/div><\/a>\n\t\t<\/div>\n\t<\/div>\n<\/div><\/div><\/div><\/div><div class=\"vc_row-full-width\"><\/div><div data-vc-full-width=\"true\" data-vc-full-width-init=\"false\" class=\"vc_row wpb_row vc_row-fluid vc_custom_1683806386676\"><div class=\"wpb_column vc_column_container vc_col-sm-12\"><div class=\"vc_column-inner\"><div class=\"wpb_wrapper\"><h2 style=\"font-size: 32px;text-align: left;font-family:;font-weight:400;font-style:normal\" class=\"vc_custom_heading\" >T\u00fcrk Yat Kiralama: T\u00fcrkiye Sahillerinin G\u00fczelli\u011fini Ortaya \u00c7\u0131kar\u0131yor<\/h2>\n\t<div class=\"wpb_text_column wpb_content_element\" >\n\t\t<div class=\"wpb_wrapper\">\n\t\t\t<p style=\"color: #232628; font-size: 15px; line-height: 25px; text-align: justify;\">T\u00fcrkiye yat kiralamalar\u0131m\u0131zla T\u00fcrkiye'nin k\u0131y\u0131 ihti\u015fam\u0131n\u0131 ke\u015ffedin. Masmavi sular\u0131 ge\u00e7in ve antik kal\u0131nt\u0131lar\u0131n, tenha koylar\u0131n ve g\u00fcne\u015fin \u00f6pt\u00fc\u011f\u00fc plajlar\u0131n cazibesini ortaya \u00e7\u0131kar\u0131n. Kiralamalar\u0131m\u0131z, l\u00fcks\u00fc k\u00fclt\u00fcrel derinlikle harmanlayan, ki\u015fiye \u00f6zel deneyimler sunar. Panoramik manzaralar\u0131n ve b\u00fcy\u00fcleyici destinasyonlar\u0131n keyfini \u00e7\u0131kararak muhte\u015fem T\u00fcrk k\u0131y\u0131 \u015feridinde gezinin. Arzular\u0131n\u0131za g\u00f6re tasarlanm\u0131\u015f zengin tarihe ve canl\u0131 manzaralara kendinizi kapt\u0131r\u0131n.<\/p>\n<p>Nefes kesen g\u00fczelli\u011fi ve zengin k\u00fclt\u00fcrel miras\u0131yla \u00fcnl\u00fc T\u00fcrkiye k\u0131y\u0131lar\u0131nda b\u00fcy\u00fcleyici bir yolculu\u011fa \u00e7\u0131k\u0131n. Yat kiralama tatillerimiz, T\u00fcrkiye'nin cazibesini tan\u0131mlayan tenha koylar\u0131, tarihi yerleri ve pitoresk manzaralar\u0131 ke\u015ffetmeye a\u00e7\u0131lan bir kap\u0131 sunar.<\/p>\n<p>\u0130ster keyifli bir yolculuk, ister adrenalin dolu bir macera arzulay\u0131n, T\u00fcrk yat kiralama hizmetlerimiz her iste\u011finizi kar\u015f\u0131lar. Su sporlar\u0131na kat\u0131l\u0131n, gemideki \u015feflerimizin haz\u0131rlad\u0131\u011f\u0131 leziz yemeklerin tad\u0131n\u0131 \u00e7\u0131kar\u0131n ya da Akdeniz veya Ege Denizi'nin dingin g\u00fczelli\u011finin ortas\u0131nda rahatlay\u0131n.<\/p>\n\n\t\t<\/div>\n\t<\/div>\n<\/div><\/div><\/div><\/div><div class=\"vc_row-full-width\"><\/div><div data-vc-full-width=\"true\" data-vc-full-width-init=\"false\" class=\"vc_row wpb_row vc_row-fluid vc_custom_1683806386676\"><div class=\"wpb_column vc_column_container vc_col-sm-6\"><div class=\"vc_column-inner\"><div class=\"wpb_wrapper\">\n\t<div class=\"wpb_single_image wpb_content_element vc_align_left\">\n\t\t<div class=\"wpb_wrapper\">\n\t\t\t\n\t\t\t<a href=\"https:\/\/bestyachts.net\/tr\/yachts-for-charter\/m-y-soundwave-2015-63m\/\" target=\"_self\"><div class=\"vc_single_image-wrapper   vc_box_border_grey\"><img loading=\"lazy\" decoding=\"async\" width=\"540\" height=\"482\" src=\"https:\/\/bestyachts.net\/wp-content\/uploads\/2024\/07\/soundwave-charter-ex2.jpg\" class=\"vc_single_image-img attachment-full\" alt=\"\" title=\"soundwave-charter-ex2\" srcset=\"https:\/\/bestyachts.net\/wp-content\/uploads\/2024\/07\/soundwave-charter-ex2.jpg 540w, https:\/\/bestyachts.net\/wp-content\/uploads\/2024\/07\/soundwave-charter-ex2-300x268.jpg 300w, https:\/\/bestyachts.net\/wp-content\/uploads\/2024\/07\/soundwave-charter-ex2-13x12.jpg 13w\" sizes=\"auto, (max-width: 540px) 100vw, 540px\" \/><\/div><\/a>\n\t\t<\/div>\n\t<\/div>\n<\/div><\/div><\/div><div class=\"wpb_column vc_column_container vc_col-sm-6\"><div class=\"vc_column-inner\"><div class=\"wpb_wrapper\"><h2 style=\"font-size: 26px;text-align: left;font-family:;font-weight:400;font-style:normal\" class=\"vc_custom_heading\" >Yacht Rental Services: Your Gateway to Unforgettable Journeys<\/h2>\n\t<div class=\"wpb_text_column wpb_content_element\" >\n\t\t<div class=\"wpb_wrapper\">\n\t\t\t<p style=\"color: #232628; font-size: 15px; line-height: 25px; text-align: justify;\">BestYachts olarak benzersiz yat kiralama hizmetleri sunmaktan gurur duyuyoruz. Deneyimli m\u00fcrettebat\u0131m\u0131z konforunuzu ve g\u00fcvenli\u011finizi sa\u011flarken konsiyerj ekibimiz de her ayr\u0131nt\u0131yla ilgilenerek kusursuz ve unutulmaz bir yolculuk ge\u00e7irmenizi sa\u011flar. Gurme yemek deneyimlerinden heyecan verici su sporlar\u0131 aktivitelerine kadar istekleriniz bizim \u00f6nceli\u011fimizdir.<\/p>\n<p>T\u00fcrkiye'de yat kiralama, l\u00fcks bir teknenin \u00f6tesine ge\u00e7er; tarih ve do\u011fa harikalar\u0131yla dolu bir \u00fclkeyi ke\u015ffetmeye davettir. Likya Kaya Mezarlar\u0131 ve b\u00fcy\u00fcleyici Efes \u015fehri gibi antik kal\u0131nt\u0131larla s\u00fcslenmi\u015f Turkuaz Sahil boyunca gezin. Hareketli pazarlar\u0131 ke\u015ffedin ve T\u00fcrk mutfa\u011f\u0131n\u0131n ba\u015ftan \u00e7\u0131kar\u0131c\u0131 lezzetlerinin tad\u0131n\u0131 \u00e7\u0131kar\u0131n.<\/p>\n\n\t\t<\/div>\n\t<\/div>\n<\/div><\/div><\/div><\/div><div class=\"vc_row-full-width\"><\/div><div data-vc-full-width=\"true\" data-vc-full-width-init=\"false\" class=\"vc_row wpb_row vc_row-fluid vc_custom_1702474168162\"><div class=\"wpb_column vc_column_container vc_col-sm-12\"><div class=\"vc_column-inner\"><div class=\"wpb_wrapper\"><h2 style=\"font-size: 32px;text-align: left;font-family:;font-weight:400;font-style:normal\" class=\"vc_custom_heading\" >Neden T\u00fcrkiye'de Yat Kiralamay\u0131 Se\u00e7melisiniz?<\/h2>\n\t<div class=\"wpb_text_column wpb_content_element\" >\n\t\t<div class=\"wpb_wrapper\">\n\t\t\t<p style=\"color: #232628; font-size: 15px; line-height: 25px; text-align: justify;\"><strong>E\u015fsiz Manzara:<\/strong> \u00c7arp\u0131c\u0131 T\u00fcrk Rivieras\u0131 boyunca yelken a\u00e7arak pitoresk manzaralara, tenha koylara ve g\u00fcne\u015fin \u00f6pt\u00fc\u011f\u00fc plajlara tan\u0131k olun. K\u00fclt\u00fcrel Zenginlik: Kadim tarihin modern canl\u0131l\u0131kla bulu\u015ftu\u011fu T\u00fcrkiye'nin \u00e7e\u015fitli k\u00fclt\u00fcr\u00fcne kendinizi kapt\u0131r\u0131n.<\/p>\n<p><strong>Ola\u011fan\u00fcst\u00fc Hizmet:<\/strong> Sorunsuz ve l\u00fcks bir yolculuk sa\u011flayan birinci s\u0131n\u0131f hizmet ve konukseverli\u011fi deneyimleyin.<\/p>\n<p><strong>Ki\u015fiselle\u015ftirilmi\u015f Deneyimler:<\/strong> Yat kiralama tatilinizi, rahat yelkenlerden macera dolu ka\u00e7\u0131\u015flara kadar tercihlerinize uyacak \u015fekilde uyarlay\u0131n.<\/p>\n<p><strong>T\u00fcrkiye Yat Kiralama Rezervasyonunuzu Bug\u00fcn Yap\u0131n<\/strong><\/p>\n<p>Premium yat kiralama hizmetlerimizle T\u00fcrkiye'nin b\u00fcy\u00fcleyici sular\u0131nda unutulmaz bir yolculu\u011fa \u00e7\u0131k\u0131n. L\u00fcks\u00fcn tad\u0131n\u0131 \u00e7\u0131kar\u0131n, bu kadim topraklar\u0131n harikalar\u0131n\u0131 ke\u015ffedin ve \u00f6m\u00fcr boyu s\u00fcrecek de\u011ferli an\u0131lar yarat\u0131n.<\/p>\n<p>BestYachts olarak kendimizi l\u00fcks, konfor ve maceray\u0131 birle\u015ftirerek en \u00fcst d\u00fczey yat kiralama deneyimini sunmaya adad\u0131k. T\u00fcrkiye'de hayalinizdeki yat kiralama rezervasyonu yapmak ve ola\u011fan\u00fcst\u00fc bir yolculu\u011fa yelken a\u00e7mak i\u00e7in bug\u00fcn bizimle ileti\u015fime ge\u00e7in.<\/p>\n\n\t\t<\/div>\n\t<\/div>\n\n\t<div class=\"wpb_text_column wpb_content_element\" >\n\t\t<div class=\"wpb_wrapper\">\n\t\t\t<p style=\"color: #232628; font-size: 20px; line-height: 25px; text-align: justify;\"><strong>\u201cSuda L\u00fcks: Yat\u00e7\u0131l\u0131k Sanat\u0131n\u0131 Deneyimleyin.\u201d<\/strong><\/p>\n\n\t\t<\/div>\n\t<\/div>\n<\/div><\/div><\/div><\/div><div class=\"vc_row-full-width\"><\/div>\n<\/section>","protected":false},"excerpt":{"rendered":"Your Perfect Charter Yachts For Charter Destinations Corporate Yacht Charter EventsDiscover Unmatched Luxury: Yacht Charter in Turkey Indulge in the epitome of elegance and luxury with our exquisite yacht charter services in Turkey. Imagine yourself cruising along the stunning Turkish coastline, basking in the sun-drenched vistas and experiencing a truly opulent journey. Whether you're looking...","protected":false},"author":1,"featured_media":0,"parent":546,"menu_order":0,"comment_status":"closed","ping_status":"closed","template":"","meta":{"footnotes":"","_links_to":"","_links_to_target":""},"class_list":["post-2370","page","type-page","status-publish","hentry"],"acf":[],"_links":{"self":[{"href":"https:\/\/bestyachts.net\/tr\/wp-json\/wp\/v2\/pages\/2370","targetHints":{"allow":["GET"]}}],"collection":[{"href":"https:\/\/bestyachts.net\/tr\/wp-json\/wp\/v2\/pages"}],"about":[{"href":"https:\/\/bestyachts.net\/tr\/wp-json\/wp\/v2\/types\/page"}],"author":[{"embeddable":true,"href":"https:\/\/bestyachts.net\/tr\/wp-json\/wp\/v2\/users\/1"}],"replies":[{"embeddable":true,"href":"https:\/\/bestyachts.net\/tr\/wp-json\/wp\/v2\/comments?post=2370"}],"version-history":[{"count":12,"href":"https:\/\/bestyachts.net\/tr\/wp-json\/wp\/v2\/pages\/2370\/revisions"}],"predecessor-version":[{"id":9365,"href":"https:\/\/bestyachts.net\/tr\/wp-json\/wp\/v2\/pages\/2370\/revisions\/9365"}],"up":[{"embeddable":true,"href":"https:\/\/bestyachts.net\/tr\/wp-json\/wp\/v2\/pages\/546"}],"wp:attachment":[{"href":"https:\/\/bestyachts.net\/tr\/wp-json\/wp\/v2\/media?parent=2370"}],"curies":[{"name":"wp","href":"https:\/\/api.w.org\/{rel}","templated":true}]}}