{"id":2428,"date":"2023-05-16T11:42:00","date_gmt":"2023-05-16T11:42:00","guid":{"rendered":"https:\/\/bestyachts.net\/?page_id=2428"},"modified":"2024-07-03T11:34:59","modified_gmt":"2024-07-03T11:34:59","slug":"special-services","status":"publish","type":"page","link":"https:\/\/bestyachts.net\/tr\/service\/special-services\/","title":{"rendered":"\u00d6zel servis"},"content":{"rendered":"<section class=\"wpb-content-wrapper\"><section data-vc-full-width=\"true\" data-vc-full-width-init=\"false\" class=\"vc_section vc_custom_1699948493508 vc_section-has-fill\"><div class=\"vc_row wpb_row vc_row-fluid\"><div class=\"wpb_column vc_column_container vc_col-sm-12\"><div class=\"vc_column-inner\"><div class=\"wpb_wrapper\"><h1 style=\"color: #ffffff;text-align: left;font-family:Montserrat;font-weight:400;font-style:normal\" class=\"vc_custom_heading\" >\u00d6zel servis<\/h1><\/div><\/div><\/div><\/div><\/section><div class=\"vc_row-full-width vc_clearfix\"><\/div><div class=\"vc_row wpb_row vc_row-fluid vc_custom_1684237312389\"><div class=\"wpb_column vc_column_container vc_col-sm-8\"><div class=\"vc_column-inner\"><div class=\"wpb_wrapper\"><h5 style=\"font-size: 30px;color: #992029;line-height: 26px;text-align: left;font-family:Montserrat;font-weight:400;font-style:normal\" class=\"vc_custom_heading vc_custom_1697098600896\" >\u00d6zel servis<\/h5>\n\t<div class=\"wpb_text_column wpb_content_element  vc_custom_1684236942541\" >\n\t\t<div class=\"wpb_wrapper\">\n\t\t\t<p><strong>EN \u0130Y\u0130 YATLAR<\/strong> T\u00dcM T\u00fcrk Marinalar\u0131 ve Limanlar\u0131nda yatlara y\u00fcksek kaliteli hizmetler sa\u011flama konusunda uzmanla\u015fm\u0131\u015ft\u0131r. Akdeniz'in bir\u00e7ok yerinde ve D\u00dcNYA \u00c7APINDA bulunan ili\u015fkili ofislerimizin yan\u0131 s\u0131ra, her zaman arzulad\u0131\u011f\u0131n\u0131z eksiksiz S\u00fcper Yat H\u0130ZMET\u0130N\u0130 sunuyoruz.<\/p>\n\n\t\t<\/div>\n\t<\/div>\n\n\t<div class=\"wpb_text_column wpb_content_element  vc_custom_1684237254847\" >\n\t\t<div class=\"wpb_wrapper\">\n\t\t\t<p><strong>Jet ve helikopter kiralama<\/strong><br \/>\nSizin i\u00e7in her t\u00fcrl\u00fc kiral\u0131k jet ve helikopteri tedarik edebiliriz. U\u00e7a\u011fa g\u00f6t\u00fcr\u00fclmenizi sa\u011flayaca\u011f\u0131z; bagaj\u0131n\u0131z sizin i\u00e7in halledilir ve u\u00e7u\u015funuzun di\u011fer ucunda en az yaygarayla ihtiyatl\u0131 bir \u015fekilde kar\u015f\u0131lan\u0131rs\u0131n\u0131z.<\/p>\n<p><strong>limuzinler<\/strong><br \/>\nHavaalan\u0131ndan limana veya turlar ve geziler i\u00e7in Limuzin transferleri sunabiliriz. Klimal\u0131, konforlu ve profesyonel, bu t\u00fcr hizmetlerde uzmanla\u015fm\u0131\u015f yerel s\u00fcr\u00fcc\u00fclerle, Yunanistan'\u0131 gezmenin ve g\u00f6rmenin daha iyi bir yolu yoktur. Daha b\u00fcy\u00fck gruplar i\u00e7in \u015fehir gezileri i\u00e7in minib\u00fcsler ve\/veya taksiler ayarlayabiliriz.<\/p>\n<p><strong>villalar<\/strong><br \/>\nT\u00fcrkiye'nin \u00e7e\u015fitli b\u00f6lgelerinde t\u00fcm villa tipleri ve stilleri sunulmaktad\u0131r. Villalar\u0131m\u0131z sahilde veya da\u011fda b\u00fcy\u00fck veya k\u00fc\u00e7\u00fck, havuzlu veya havuzsuz olabilir.<\/p>\n<p><strong>Konsiyerj Hizmetleri<\/strong><br \/>\nTiyatro biletleri rezervasyonundan restoran ve otel rezervasyonlar\u0131na, golf sahas\u0131 rezervasyonuna, sa\u00e7 randevular\u0131 almaya veya ihtiyac\u0131n\u0131z olabilecek her \u015feye kadar yat\u0131n\u0131z\u0131n bulundu\u011fu yerde en iyi hizmetleri sunabiliriz.<\/p>\n<p><strong>\u00d6zel etkinlik<\/strong><br \/>\nKalbinizin arzu etti\u011fi her t\u00fcrl\u00fc \u00f6zel etkinli\u011fi d\u00fczenlemeyi taahh\u00fct ediyoruz. Bir kokteyl partisinden, b\u00fcy\u00fck temal\u0131 etkinlik partisine, bir d\u00fc\u011f\u00fcn veya vaftiz resepsiyonundan bir Moda \u015fovuna veya kurumsal etkinli\u011fe. Etkinlik koordinat\u00f6r\u00fcm\u00fcz, sizin i\u00e7in organize edebilecek bilgi ve deneyime sahiptir.<\/p>\n<p><strong>Dal\u0131\u015f Gezileri<\/strong><br \/>\nSize dal\u0131\u015f dersleri verebilecek veya sizi arkeolojik harikalarla dolu ba\u015fka bir d\u00fcnyaya b\u00fcy\u00fcl\u00fc bir su alt\u0131 gezisine \u00e7\u0131karabilecek profesyonellerimiz var.<\/p>\n<p><strong>G\u00fcvenlik<\/strong><br \/>\nSilahl\u0131 muhaf\u0131zlardan basit g\u00fcvenli\u011fe kadar her t\u00fcrl\u00fc g\u00fcvenli\u011fi ayarlayabiliriz. Kald\u0131\u011f\u0131n\u0131z s\u00fcre boyunca, test edilmi\u015f kaynaklardan en etkili g\u00fcvenli\u011fi sa\u011flayabiliriz.<\/p>\n\n\t\t<\/div>\n\t<\/div>\n\n\t<div class=\"wpb_text_column wpb_content_element  vc_custom_1697781945043\" >\n\t\t<div class=\"wpb_wrapper\">\n\t\t\t<div class=\"ycht-cl-nw\">\n<p>Call now: <a href=\"tel: 90 5356744346\">+90 5356744346<\/a><\/p>\n<\/div>\n\n\t\t<\/div>\n\t<\/div>\n<\/div><\/div><\/div><div class=\"wpb_column vc_column_container vc_col-sm-4\"><div class=\"vc_column-inner\"><div class=\"wpb_wrapper\">\n\t<div class=\"wpb_text_column wpb_content_element\" >\n\t\t<div class=\"wpb_wrapper\">\n\t\t\t<div class=\"ycht-crew-prt\">\n<div class=\"prt-crw\">Yat\u0131n\u0131z\u0131 y\u00f6netmenize yard\u0131mc\u0131 olabilmemiz i\u00e7in gereksinimlerinizi bize bildirin.<br \/>\n<a href=\"https:\/\/bestyachts.net\/tr\/contact-us\/\">Bize Ula\u015f\u0131n<\/a><\/div>\n<\/div>\n\n\t\t<\/div>\n\t<\/div>\n\n\t<div class=\"wpb_single_image wpb_content_element vc_align_left\">\n\t\t<div class=\"wpb_wrapper\">\n\t\t\t\n\t\t\t<div class=\"vc_single_image-wrapper   vc_box_border_grey\"><img loading=\"lazy\" decoding=\"async\" width=\"1200\" height=\"456\" src=\"https:\/\/bestyachts.net\/wp-content\/uploads\/2023\/05\/add.jpg\" class=\"vc_single_image-img attachment-full\" alt=\"Crew Service in Turkey\" title=\"Crew Service in Turkey\" srcset=\"https:\/\/bestyachts.net\/wp-content\/uploads\/2023\/05\/add.jpg 1200w, https:\/\/bestyachts.net\/wp-content\/uploads\/2023\/05\/add-300x114.jpg 300w, https:\/\/bestyachts.net\/wp-content\/uploads\/2023\/05\/add-1024x389.jpg 1024w, https:\/\/bestyachts.net\/wp-content\/uploads\/2023\/05\/add-768x292.jpg 768w, https:\/\/bestyachts.net\/wp-content\/uploads\/2023\/05\/add-327x124.jpg 327w\" sizes=\"auto, (max-width: 1200px) 100vw, 1200px\" \/><\/div>\n\t\t<\/div>\n\t<\/div>\n<\/div><\/div><\/div><\/div>\n<\/section>","protected":false},"excerpt":{"rendered":"Special ServicesSpecial Services BEST YACHTS specializes in providing high quality services to yachts in ALL Turkish Marinas and Ports. In addition with our associated offices, located in many parts of the Med and WORLD WIDE, we offer THE complete Super Yacht SERVICE that you always wished for. Jet and helicopter charter We can source for...","protected":false},"author":1,"featured_media":0,"parent":546,"menu_order":0,"comment_status":"closed","ping_status":"closed","template":"","meta":{"footnotes":"","_links_to":"","_links_to_target":""},"class_list":["post-2428","page","type-page","status-publish","hentry"],"acf":[],"_links":{"self":[{"href":"https:\/\/bestyachts.net\/tr\/wp-json\/wp\/v2\/pages\/2428","targetHints":{"allow":["GET"]}}],"collection":[{"href":"https:\/\/bestyachts.net\/tr\/wp-json\/wp\/v2\/pages"}],"about":[{"href":"https:\/\/bestyachts.net\/tr\/wp-json\/wp\/v2\/types\/page"}],"author":[{"embeddable":true,"href":"https:\/\/bestyachts.net\/tr\/wp-json\/wp\/v2\/users\/1"}],"replies":[{"embeddable":true,"href":"https:\/\/bestyachts.net\/tr\/wp-json\/wp\/v2\/comments?post=2428"}],"version-history":[{"count":2,"href":"https:\/\/bestyachts.net\/tr\/wp-json\/wp\/v2\/pages\/2428\/revisions"}],"predecessor-version":[{"id":7190,"href":"https:\/\/bestyachts.net\/tr\/wp-json\/wp\/v2\/pages\/2428\/revisions\/7190"}],"up":[{"embeddable":true,"href":"https:\/\/bestyachts.net\/tr\/wp-json\/wp\/v2\/pages\/546"}],"wp:attachment":[{"href":"https:\/\/bestyachts.net\/tr\/wp-json\/wp\/v2\/media?parent=2428"}],"curies":[{"name":"wp","href":"https:\/\/api.w.org\/{rel}","templated":true}]}}