{"id":2432,"date":"2023-05-16T11:54:58","date_gmt":"2023-05-16T11:54:58","guid":{"rendered":"https:\/\/bestyachts.net\/?page_id=2432"},"modified":"2024-07-03T11:35:23","modified_gmt":"2024-07-03T11:35:23","slug":"onshore-service-and-support","status":"publish","type":"page","link":"https:\/\/bestyachts.net\/tr\/service\/onshore-service-and-support\/","title":{"rendered":"Karada Hizmet ve Destek"},"content":{"rendered":"<section class=\"wpb-content-wrapper\"><section data-vc-full-width=\"true\" data-vc-full-width-init=\"false\" class=\"vc_section vc_custom_1699948546398 vc_section-has-fill\"><div class=\"vc_row wpb_row vc_row-fluid\"><div class=\"wpb_column vc_column_container vc_col-sm-12\"><div class=\"vc_column-inner\"><div class=\"wpb_wrapper\"><h1 style=\"color: #ffffff;text-align: left;font-family:Montserrat;font-weight:400;font-style:normal\" class=\"vc_custom_heading\" >Karada Hizmet ve Destek<\/h1><\/div><\/div><\/div><\/div><\/section><div class=\"vc_row-full-width vc_clearfix\"><\/div><div class=\"vc_row wpb_row vc_row-fluid vc_custom_1684237312389\"><div class=\"wpb_column vc_column_container vc_col-sm-12\"><div class=\"vc_column-inner\"><div class=\"wpb_wrapper\"><h5 style=\"font-size: 30px;color: #992029;line-height: 26px;text-align: left;font-family:Montserrat;font-weight:400;font-style:normal\" class=\"vc_custom_heading vc_custom_1697098797522\" >Karada Hizmet ve Destek<\/h5>\n\t<div class=\"wpb_text_column wpb_content_element  vc_custom_1684238052765\" >\n\t\t<div class=\"wpb_wrapper\">\n\t\t\t<p>Bir yat\u0131n operasyonel y\u00f6netimi giderek daha karma\u015f\u0131k, teknik ve emek yo\u011fun hale geliyor. Best Yachts Yat Y\u00f6netim Modeli, m\u00fcmk\u00fcn olan en iyi hizmeti vermede Kaptan ve M\u00fcrettebat\u0131 desteklemeye odaklan\u0131r.<\/p>\n<p>Kaptan ve M\u00fcrettebata 24 saat kara deste\u011fi sa\u011flamak ve \"evin arkas\u0131\" i\u015flevlerin \u00e7o\u011fuyla ilgilenmek, gemidekilerin en \u00f6nemli rollerine odaklanmas\u0131n\u0131 sa\u011flayarak Mal Sahibi ve konuklar\u0131n keyfini en \u00fcst d\u00fczeye \u00e7\u0131kar\u0131r.<\/p>\n\n\t\t<\/div>\n\t<\/div>\n\n\t<div class=\"wpb_text_column wpb_content_element  vc_custom_1690439040380\" >\n\t\t<div class=\"wpb_wrapper\">\n\t\t\t<div class=\"ycht-cl-nw\">\n<p>\u015eimdi ara:- <a href=\"tel: 90 5356744346\">+90 5356744346<\/a><\/p>\n<\/div>\n\n\t\t<\/div>\n\t<\/div>\n<\/div><\/div><\/div><\/div>\n<\/section>","protected":false},"excerpt":{"rendered":"Onshore Service and SupportOnshore Service and Support Operational management of a yacht is becoming increasingly complicated, technical and labour intensive. The Best Yachts Yacht Management Model is focused on supporting the Captain and Crew in delivering the best possible service. Providing the Captain and Crew with 24hr onshore support and taking care of many of...","protected":false},"author":1,"featured_media":0,"parent":546,"menu_order":0,"comment_status":"closed","ping_status":"closed","template":"","meta":{"footnotes":"","_links_to":"","_links_to_target":""},"class_list":["post-2432","page","type-page","status-publish","hentry"],"acf":[],"_links":{"self":[{"href":"https:\/\/bestyachts.net\/tr\/wp-json\/wp\/v2\/pages\/2432","targetHints":{"allow":["GET"]}}],"collection":[{"href":"https:\/\/bestyachts.net\/tr\/wp-json\/wp\/v2\/pages"}],"about":[{"href":"https:\/\/bestyachts.net\/tr\/wp-json\/wp\/v2\/types\/page"}],"author":[{"embeddable":true,"href":"https:\/\/bestyachts.net\/tr\/wp-json\/wp\/v2\/users\/1"}],"replies":[{"embeddable":true,"href":"https:\/\/bestyachts.net\/tr\/wp-json\/wp\/v2\/comments?post=2432"}],"version-history":[{"count":2,"href":"https:\/\/bestyachts.net\/tr\/wp-json\/wp\/v2\/pages\/2432\/revisions"}],"predecessor-version":[{"id":7193,"href":"https:\/\/bestyachts.net\/tr\/wp-json\/wp\/v2\/pages\/2432\/revisions\/7193"}],"up":[{"embeddable":true,"href":"https:\/\/bestyachts.net\/tr\/wp-json\/wp\/v2\/pages\/546"}],"wp:attachment":[{"href":"https:\/\/bestyachts.net\/tr\/wp-json\/wp\/v2\/media?parent=2432"}],"curies":[{"name":"wp","href":"https:\/\/api.w.org\/{rel}","templated":true}]}}