{"id":2438,"date":"2023-05-16T12:24:33","date_gmt":"2023-05-16T12:24:33","guid":{"rendered":"https:\/\/bestyachts.net\/?page_id=2438"},"modified":"2025-04-26T23:08:44","modified_gmt":"2025-04-26T23:08:44","slug":"crew-service","status":"publish","type":"page","link":"https:\/\/bestyachts.net\/tr\/service\/crew-service\/","title":{"rendered":"Ekip Hizmeti"},"content":{"rendered":"<section class=\"wpb-content-wrapper\"><section data-vc-full-width=\"true\" data-vc-full-width-init=\"false\" class=\"vc_section vc_custom_1699945937856 vc_section-has-fill\"><div class=\"vc_row wpb_row vc_row-fluid\"><div class=\"wpb_column vc_column_container vc_col-sm-12\"><div class=\"vc_column-inner\"><div class=\"wpb_wrapper\"><h1 style=\"color: #ffffff;text-align: left;font-family:Montserrat;font-weight:400;font-style:normal\" class=\"vc_custom_heading\" >Ekip Hizmeti<\/h1><\/div><\/div><\/div><\/div><\/section><div class=\"vc_row-full-width vc_clearfix\"><\/div><div class=\"vc_row wpb_row vc_row-fluid vc_custom_1684241358548\"><div class=\"wpb_column vc_column_container vc_col-sm-8\"><div class=\"vc_column-inner\"><div class=\"wpb_wrapper\"><h2 style=\"font-size: 30px;color: #992029;line-height: 26px;text-align: left;font-family:Montserrat;font-weight:400;font-style:normal\" class=\"vc_custom_heading vc_custom_1745708691969\" >Crew Service in Turkey<\/h2>\n\t<div class=\"wpb_text_column wpb_content_element  vc_custom_1745708717519\" >\n\t\t<div class=\"wpb_wrapper\">\n\t\t\t<p>We offer a highly personable approach to both, our clients and crew service in Turkey, and we strive to go above and beyond our competitors to ensure success.<\/p>\n<p>M\u00fcrettebat i\u00e7in, do\u011fru f\u0131rsat\u0131 bulma \u015fans\u0131n\u0131z\u0131 optimize etmek i\u00e7in kariyer tavsiyesi, \u00f6zge\u00e7mi\u015finiz i\u00e7in yard\u0131m ve genel rehberlik sa\u011fl\u0131yoruz.<\/p>\n<p>M\u00fc\u015fterilerimiz i\u00e7in t\u00fcm ekip se\u00e7im s\u00fcrecini y\u00f6netiyoruz. Ekip se\u00e7imimizi m\u00fclakat, referans kontrolleri, lisanslama ve deneyimden daha fazlas\u0131na dayand\u0131r\u0131yoruz; m\u00fcmk\u00fcn olan en uygun olan\u0131 bulmak i\u00e7in program, sahibinin kullan\u0131m\u0131 ve tercihleri, ekip dinamikleri, profil olu\u015fturma ve ilgi alanlar\u0131 hakk\u0131nda ayr\u0131nt\u0131l\u0131 bir anlay\u0131\u015f kazanmaya \u00e7al\u0131\u015f\u0131yoruz.<\/p>\n<p>Sizinle profesyonel bir ili\u015fki kurmak ve kariyer yolunuzda sizi takip etmek i\u00e7in sab\u0131rs\u0131zlan\u0131yoruz.<\/p>\n\n\t\t<\/div>\n\t<\/div>\n<div class=\"vc_row wpb_row vc_inner vc_row-fluid vc_custom_1684240425401\"><div class=\"wpb_column vc_column_container vc_col-sm-8\"><div class=\"vc_column-inner\"><div class=\"wpb_wrapper\">\n\t<div class=\"wpb_single_image wpb_content_element vc_align_left\">\n\t\t<div class=\"wpb_wrapper\">\n\t\t\t\n\t\t\t<div class=\"vc_single_image-wrapper   vc_box_border_grey\"><img loading=\"lazy\" decoding=\"async\" width=\"563\" height=\"160\" src=\"https:\/\/bestyachts.net\/wp-content\/uploads\/2023\/05\/crew.jpg\" class=\"vc_single_image-img attachment-full\" alt=\"Crew Services in Turkey\" title=\"crew\" srcset=\"https:\/\/bestyachts.net\/wp-content\/uploads\/2023\/05\/crew.jpg 563w, https:\/\/bestyachts.net\/wp-content\/uploads\/2023\/05\/crew-300x85.jpg 300w, https:\/\/bestyachts.net\/wp-content\/uploads\/2023\/05\/crew-560x160.jpg 560w, https:\/\/bestyachts.net\/wp-content\/uploads\/2023\/05\/crew-327x93.jpg 327w\" sizes=\"auto, (max-width: 563px) 100vw, 563px\" \/><\/div>\n\t\t<\/div>\n\t<\/div>\n<\/div><\/div><\/div><div class=\"wpb_column vc_column_container vc_col-sm-4\"><div class=\"vc_column-inner\"><div class=\"wpb_wrapper\">\n\t<div class=\"wpb_text_column wpb_content_element\" >\n\t\t<div class=\"wpb_wrapper\">\n\t\t\t<p style=\"color: #902029; font-size: 25px; line-height: 30px; margin: 0px 0px;\">Yat Yap\u0131m\u0131<\/p>\n<p style=\"color: #902029; font-size: 25px; line-height: 30px; margin: 0px 0px;\">Sale<br \/>\n\u015eart<br \/>\nTasar\u0131m<br \/>\nY\u00f6netmek<\/p>\n\n\t\t<\/div>\n\t<\/div>\n<\/div><\/div><\/div><\/div>\n\t<div class=\"wpb_text_column wpb_content_element  vc_custom_1690439026276\" >\n\t\t<div class=\"wpb_wrapper\">\n\t\t\t<div class=\"ycht-cl-nw\">\n<p>\u015eimdi ara:- <a href=\"tel: 90 5356744346\">+90 5356744346<\/a><\/p>\n<\/div>\n\n\t\t<\/div>\n\t<\/div>\n<\/div><\/div><\/div><div class=\"wpb_column vc_column_container vc_col-sm-4\"><div class=\"vc_column-inner\"><div class=\"wpb_wrapper\">\n\t<div class=\"wpb_text_column wpb_content_element\" >\n\t\t<div class=\"wpb_wrapper\">\n\t\t\t<div class=\"ycht-crew-prt\">\n<div class=\"prt-crw\">Yat\u0131n\u0131z\u0131 y\u00f6netmenize yard\u0131mc\u0131 olabilmemiz i\u00e7in gereksinimlerinizi bize bildirin.<br \/>\n<a href=\"https:\/\/bestyachts.net\/tr\/contact-us\/\">Bize Ula\u015f\u0131n<\/a><\/div>\n<\/div>\n\n\t\t<\/div>\n\t<\/div>\n\n\t<div class=\"wpb_single_image wpb_content_element vc_align_left\">\n\t\t<div class=\"wpb_wrapper\">\n\t\t\t\n\t\t\t<div class=\"vc_single_image-wrapper   vc_box_border_grey\"><img loading=\"lazy\" decoding=\"async\" width=\"1200\" height=\"456\" src=\"https:\/\/bestyachts.net\/wp-content\/uploads\/2023\/05\/add.jpg\" class=\"vc_single_image-img attachment-full\" alt=\"Crew Service in Turkey\" title=\"Crew Service in Turkey\" srcset=\"https:\/\/bestyachts.net\/wp-content\/uploads\/2023\/05\/add.jpg 1200w, https:\/\/bestyachts.net\/wp-content\/uploads\/2023\/05\/add-300x114.jpg 300w, https:\/\/bestyachts.net\/wp-content\/uploads\/2023\/05\/add-1024x389.jpg 1024w, https:\/\/bestyachts.net\/wp-content\/uploads\/2023\/05\/add-768x292.jpg 768w, https:\/\/bestyachts.net\/wp-content\/uploads\/2023\/05\/add-327x124.jpg 327w\" sizes=\"auto, (max-width: 1200px) 100vw, 1200px\" \/><\/div>\n\t\t<\/div>\n\t<\/div>\n<\/div><\/div><\/div><\/div>\n<\/section>","protected":false},"excerpt":{"rendered":"Crew ServiceCrew Service in Turkey We offer a highly personable approach to both, our clients and crew service in Turkey, and we strive to go above and beyond our competitors to ensure success. For crew we provide career advice, help with your CV and overall guidance to optimize your chances of finding the right opportunity....","protected":false},"author":1,"featured_media":0,"parent":546,"menu_order":0,"comment_status":"closed","ping_status":"closed","template":"","meta":{"footnotes":"","_links_to":"","_links_to_target":""},"class_list":["post-2438","page","type-page","status-publish","hentry"],"acf":[],"_links":{"self":[{"href":"https:\/\/bestyachts.net\/tr\/wp-json\/wp\/v2\/pages\/2438","targetHints":{"allow":["GET"]}}],"collection":[{"href":"https:\/\/bestyachts.net\/tr\/wp-json\/wp\/v2\/pages"}],"about":[{"href":"https:\/\/bestyachts.net\/tr\/wp-json\/wp\/v2\/types\/page"}],"author":[{"embeddable":true,"href":"https:\/\/bestyachts.net\/tr\/wp-json\/wp\/v2\/users\/1"}],"replies":[{"embeddable":true,"href":"https:\/\/bestyachts.net\/tr\/wp-json\/wp\/v2\/comments?post=2438"}],"version-history":[{"count":3,"href":"https:\/\/bestyachts.net\/tr\/wp-json\/wp\/v2\/pages\/2438\/revisions"}],"predecessor-version":[{"id":10019,"href":"https:\/\/bestyachts.net\/tr\/wp-json\/wp\/v2\/pages\/2438\/revisions\/10019"}],"up":[{"embeddable":true,"href":"https:\/\/bestyachts.net\/tr\/wp-json\/wp\/v2\/pages\/546"}],"wp:attachment":[{"href":"https:\/\/bestyachts.net\/tr\/wp-json\/wp\/v2\/media?parent=2438"}],"curies":[{"name":"wp","href":"https:\/\/api.w.org\/{rel}","templated":true}]}}