{"id":3080,"date":"2023-07-17T11:41:34","date_gmt":"2023-07-17T11:41:34","guid":{"rendered":"https:\/\/bestyachts.net\/?page_id=3080"},"modified":"2024-03-18T15:50:06","modified_gmt":"2024-03-18T15:50:06","slug":"dauntless-yachts","status":"publish","type":"page","link":"https:\/\/bestyachts.net\/tr\/dauntless-yachts\/","title":{"rendered":"Korkusuz Yatlar"},"content":{"rendered":"<section class=\"wpb-content-wrapper\"><section data-vc-full-width=\"true\" data-vc-full-width-init=\"false\" class=\"vc_section vc_custom_1689668997465 vc_section-has-fill\"><div class=\"vc_row wpb_row vc_row-fluid\"><div class=\"wpb_column vc_column_container vc_col-sm-6\"><div class=\"vc_column-inner\"><div class=\"wpb_wrapper\"><h1 style=\"color: #ffffff;text-align: left;font-family:Noticia Text;font-weight:400;font-style:normal\" class=\"vc_custom_heading\" >Korkusuz Yatlar<\/h1><\/div><\/div><\/div><div class=\"wpb_column vc_column_container vc_col-sm-6\"><div class=\"vc_column-inner\"><div class=\"wpb_wrapper\"><\/div><\/div><\/div><\/div><\/section><div class=\"vc_row-full-width vc_clearfix\"><\/div><section data-vc-full-width=\"true\" data-vc-full-width-init=\"false\" class=\"vc_section vc_custom_1689677691163 vc_section-has-fill\"><div class=\"vc_row wpb_row vc_row-fluid\"><div class=\"wpb_column vc_column_container vc_col-sm-12\"><div class=\"vc_column-inner\"><div class=\"wpb_wrapper\">\n\t<div class=\"wpb_single_image wpb_content_element vc_align_center\">\n\t\t<div class=\"wpb_wrapper\">\n\t\t\t\n\t\t\t<a class=\"prettyphoto\" rel=\"prettyPhoto[rel-3080-19247]\" href=\"https:\/\/bestyachts.net\/wp-content\/uploads\/2023\/07\/dauntless.png\" target=\"_self\"><div class=\"vc_single_image-wrapper   vc_box_border_grey\"><img loading=\"lazy\" decoding=\"async\" width=\"344\" height=\"105\" src=\"https:\/\/bestyachts.net\/wp-content\/uploads\/2023\/07\/dauntless.png\" class=\"vc_single_image-img attachment-full\" alt=\"\" title=\"dauntless\" srcset=\"https:\/\/bestyachts.net\/wp-content\/uploads\/2023\/07\/dauntless.png 344w, https:\/\/bestyachts.net\/wp-content\/uploads\/2023\/07\/dauntless-300x92.png 300w, https:\/\/bestyachts.net\/wp-content\/uploads\/2023\/07\/dauntless-327x100.png 327w\" sizes=\"auto, (max-width: 344px) 100vw, 344px\" \/><\/div><\/a>\n\t\t<\/div>\n\t<\/div>\n\n\t<div class=\"wpb_single_image wpb_content_element vc_align_center\">\n\t\t<div class=\"wpb_wrapper\">\n\t\t\t\n\t\t\t<a class=\"prettyphoto\" rel=\"prettyPhoto[rel-3080-1311]\" href=\"https:\/\/bestyachts.net\/wp-content\/uploads\/2023\/07\/dauntless-bnr-1024x396.jpg\" target=\"_self\"><div class=\"vc_single_image-wrapper   vc_box_border_grey\"><img loading=\"lazy\" decoding=\"async\" width=\"1917\" height=\"742\" src=\"https:\/\/bestyachts.net\/wp-content\/uploads\/2023\/07\/dauntless-bnr.jpg\" class=\"vc_single_image-img attachment-full\" alt=\"Dauntless Yachts\" title=\"dauntless-bnr\" srcset=\"https:\/\/bestyachts.net\/wp-content\/uploads\/2023\/07\/dauntless-bnr.jpg 1917w, https:\/\/bestyachts.net\/wp-content\/uploads\/2023\/07\/dauntless-bnr-300x116.jpg 300w, https:\/\/bestyachts.net\/wp-content\/uploads\/2023\/07\/dauntless-bnr-1024x396.jpg 1024w, https:\/\/bestyachts.net\/wp-content\/uploads\/2023\/07\/dauntless-bnr-768x297.jpg 768w, https:\/\/bestyachts.net\/wp-content\/uploads\/2023\/07\/dauntless-bnr-1536x595.jpg 1536w, https:\/\/bestyachts.net\/wp-content\/uploads\/2023\/07\/dauntless-bnr-327x127.jpg 327w, https:\/\/bestyachts.net\/wp-content\/uploads\/2023\/07\/dauntless-bnr-266x103.jpg 266w, https:\/\/bestyachts.net\/wp-content\/uploads\/2023\/07\/dauntless-bnr-600x232.jpg 600w\" sizes=\"auto, (max-width: 1917px) 100vw, 1917px\" \/><\/div><\/a>\n\t\t<\/div>\n\t<\/div>\n<\/div><\/div><\/div><\/div><div class=\"vc_row wpb_row vc_row-fluid vc_custom_1689676957550\"><div class=\"wpb_column vc_column_container vc_col-sm-6\"><div class=\"vc_column-inner\"><div class=\"wpb_wrapper\"><h2 style=\"color: #992029;text-align: left;font-family:Noticia Text;font-weight:400;font-style:normal\" class=\"vc_custom_heading\" >Korkusuz Yatlar<\/h2>\n\t<div class=\"wpb_text_column wpb_content_element\" >\n\t\t<div class=\"wpb_wrapper\">\n\t\t\t<p>UNDAUNTED is a DAUNTLESS D\/73 Explorer motor yacht, designed to undertake long distant passages to remote locations in comfort, with minimal requirement for shore support. Her Jon Overing designed highly efficient round bilge full displacement hull facilitates trans ocean range, coupled with low operational costs represented by a substantial reduction of fuel burn compared to many vessels in her size range. Utilizing commercial grade equipment, UNDAUNTED boasts full redundancy of all vital, and many non vital systems, essential for any vessel with serious long range cruising ambitions.<\/p>\n\n\t\t<\/div>\n\t<\/div>\n\n\t<div class=\"wpb_text_column wpb_content_element\" >\n\t\t<div class=\"wpb_wrapper\">\n\t\t\t<div id=\"gtthis\" class=\"make-annes\"><a href=\"https:\/\/bestyachts.net\/wp-content\/uploads\/2023\/12\/DAUNTLESS-D75-D66-BROCHURE-LR.pdf\" target=\"_blank\" rel=\"noopener\">PDF (Bro\u015f\u00fcr) \u0130ndir<\/a><\/div>\n\n\t\t<\/div>\n\t<\/div>\n\n\t<div class=\"wpb_text_column wpb_content_element\" >\n\t\t<div class=\"wpb_wrapper\">\n\t\t\t<div class=\"ycht-bldg-prt\"><a style=\"color: #902023; font-size: 18px;\" href=\"https:\/\/bestyachts.net\/tr\/contact-us\/\">Bize Ula\u015f\u0131n<\/a><\/div>\n\n\t\t<\/div>\n\t<\/div>\n<\/div><\/div><\/div><div class=\"wpb_column vc_column_container vc_col-sm-6\"><div class=\"vc_column-inner\"><div class=\"wpb_wrapper\">\n\t<div class=\"wpb_video_widget wpb_content_element vc_clearfix   vc_custom_1690204544909 vc_video-aspect-ratio-169 vc_video-el-width-100 vc_video-align-left\" >\n\t\t<div class=\"wpb_wrapper\">\n\t\t\t\n\t\t\t<div class=\"wpb_video_wrapper\"><iframe loading=\"lazy\" title=\"DAUNTLESS Yachts - D\/73 UNDAUNTED\" width=\"500\" height=\"281\" src=\"https:\/\/www.youtube.com\/embed\/L69EnKXRnR0?feature=oembed\" frameborder=\"0\" allow=\"accelerometer; autoplay; clipboard-write; encrypted-media; gyroscope; picture-in-picture; web-share\" referrerpolicy=\"strict-origin-when-cross-origin\" allowfullscreen><\/iframe><\/div>\n\t\t<\/div>\n\t<\/div>\n<\/div><\/div><\/div><\/div><\/section><div class=\"vc_row-full-width vc_clearfix\"><\/div>\n<\/section>","protected":false},"excerpt":{"rendered":"Dauntless Yachts Dauntless Yachts UNDAUNTED is a DAUNTLESS D\/73 Explorer motor yacht, designed to undertake long distant passages to remote locations in comfort, with minimal requirement for shore support. Her Jon Overing designed highly efficient round bilge full displacement hull facilitates trans ocean range, coupled with low operational costs represented by a substantial reduction of...","protected":false},"author":1,"featured_media":3115,"parent":0,"menu_order":0,"comment_status":"closed","ping_status":"closed","template":"","meta":{"footnotes":"","_links_to":"","_links_to_target":""},"class_list":["post-3080","page","type-page","status-publish","has-post-thumbnail","hentry"],"acf":[],"_links":{"self":[{"href":"https:\/\/bestyachts.net\/tr\/wp-json\/wp\/v2\/pages\/3080","targetHints":{"allow":["GET"]}}],"collection":[{"href":"https:\/\/bestyachts.net\/tr\/wp-json\/wp\/v2\/pages"}],"about":[{"href":"https:\/\/bestyachts.net\/tr\/wp-json\/wp\/v2\/types\/page"}],"author":[{"embeddable":true,"href":"https:\/\/bestyachts.net\/tr\/wp-json\/wp\/v2\/users\/1"}],"replies":[{"embeddable":true,"href":"https:\/\/bestyachts.net\/tr\/wp-json\/wp\/v2\/comments?post=3080"}],"version-history":[{"count":3,"href":"https:\/\/bestyachts.net\/tr\/wp-json\/wp\/v2\/pages\/3080\/revisions"}],"predecessor-version":[{"id":5656,"href":"https:\/\/bestyachts.net\/tr\/wp-json\/wp\/v2\/pages\/3080\/revisions\/5656"}],"wp:featuredmedia":[{"embeddable":true,"href":"https:\/\/bestyachts.net\/tr\/wp-json\/wp\/v2\/media\/3115"}],"wp:attachment":[{"href":"https:\/\/bestyachts.net\/tr\/wp-json\/wp\/v2\/media?parent=3080"}],"curies":[{"name":"wp","href":"https:\/\/api.w.org\/{rel}","templated":true}]}}