{"id":5617,"date":"2024-02-28T08:59:22","date_gmt":"2024-02-28T08:59:22","guid":{"rendered":"https:\/\/bestyachts.net\/?page_id=5617"},"modified":"2024-08-15T09:28:10","modified_gmt":"2024-08-15T09:28:10","slug":"privacy-policy","status":"publish","type":"page","link":"https:\/\/bestyachts.net\/tr\/privacy-policy\/","title":{"rendered":"KVKK"},"content":{"rendered":"<section class=\"wpb-content-wrapper\"><section data-vc-full-width=\"true\" data-vc-full-width-init=\"false\" class=\"vc_section vc_custom_1699945937856 vc_section-has-fill\"><div class=\"vc_row wpb_row vc_row-fluid\"><div class=\"wpb_column vc_column_container vc_col-sm-12\"><div class=\"vc_column-inner\"><div class=\"wpb_wrapper\"><h1 style=\"color: #ffffff;text-align: left;font-family:Montserrat;font-weight:400;font-style:normal\" class=\"vc_custom_heading\" >KVKK<\/h1><\/div><\/div><\/div><\/div><\/section><div class=\"vc_row-full-width vc_clearfix\"><\/div><div class=\"vc_row wpb_row vc_row-fluid vc_custom_1684241358548\"><div class=\"wpb_column vc_column_container vc_col-sm-12\"><div class=\"vc_column-inner\"><div class=\"wpb_wrapper\"><h5 style=\"font-size: 30px;color: #992029;line-height: 26px;text-align: left;font-family:Montserrat;font-weight:400;font-style:normal\" class=\"vc_custom_heading vc_custom_1723714047929\" >KVKK<\/h5>\n\t<div class=\"wpb_text_column wpb_content_element  vc_custom_1723713902377\" >\n\t\t<div class=\"wpb_wrapper\">\n\t\t\t<p>BEST ACENTE DEN\u0130Z ARA\u00c7LARI YAT\u00c7ILIK TUR\u0130ZM SANAY\u0130 VE T\u0130CARET A.\u015e.<br \/>\nINFORMATION NOTICE REGARDING THE PROCESSING OF PERSONAL DATA<\/p>\n<p>\u0130\u015fbu Ayd\u0131nlatma Metni, Best Acente Deniz Ara\u00e7lar\u0131 Yat\u00e7\u0131l\u0131k Turizm Sanayi ve Ticaret Anonim \u015eirketi (\u201c\u201d\u015eirket\u201d) taraf\u0131ndan \u015eirket\u2019in m\u00fc\u015fterilerinin 6698 say\u0131l\u0131 Ki\u015fisel Verilerin Korunmas\u0131 Kanunu (\u201cKanun\u201d) kapsam\u0131nda ki\u015fisel verilerinin \u015eirket taraf\u0131ndan i\u015flenmesine ili\u015fkin olarak ayd\u0131nlat\u0131lmas\u0131 amac\u0131yla haz\u0131rlanm\u0131\u015ft\u0131r.<\/p>\n<p>Ki\u015fisel verilerinizin i\u015fbu Ayd\u0131nlatma Metni kapsam\u0131nda i\u015flenmesine ili\u015fkin detayl\u0131 bilgilere [www.bestyachts.net] adresinde yer alan Best Yachts \u015eirketi\u00a0Ki\u015fisel Verilerin Korunmas\u0131 ve \u0130\u015flenmesi Politikas\u0131\u2019ndan ula\u015fabilirsiniz.<\/p>\n<p>1. a) Ki\u015fisel Verilerin Elde Edilme Y\u00f6ntemleri ve Hukuki Sebepleri<br \/>\nKi\u015fisel verileriniz, elektronik veya fiziki ortamda toplanmaktad\u0131r. \u0130\u015fbu Ayd\u0131nlatma Metni\u2019nde belirtilen hukuki sebeplerle toplanan ki\u015fisel verileriniz Kanun\u2019un 5. ve 6. maddelerinde belirtilen ki\u015fisel veri i\u015fleme \u015fartlar\u0131 \u00e7er\u00e7evesinde i\u015flenebilmekte ve payla\u015f\u0131labilmektedir.<\/p>\n<p>1. b) Ki\u015fisel Verilerin \u0130\u015fleme Ama\u00e7lar\u0131<br \/>\nKi\u015fisel verileriniz, Kanun\u2019un 5. ve 6. maddelerinde belirtilen ki\u015fisel veri i\u015fleme \u015fartlar\u0131 \u00e7er\u00e7evesinde<\/p>\n<p>\u015eirket\u00a0taraf\u0131ndan sunulan \u00fcr\u00fcn ve hizmetlerin ilgili ki\u015filerin be\u011feni, kullan\u0131m al\u0131\u015fkanl\u0131klar\u0131 ve ihtiya\u00e7lar\u0131na g\u00f6re \u00f6zelle\u015ftirilerek ilgili ki\u015filere \u00f6nerilmesi ve tan\u0131t\u0131lmas\u0131 i\u00e7in gerekli olan aktivitelerin planlanmas\u0131 ve icras\u0131<br \/>\n\u015eirket\u00a0taraf\u0131ndan sunulan \u00fcr\u00fcn ve hizmetlerden ilgili ki\u015fileri faydaland\u0131rmak i\u00e7in gerekli \u00e7al\u0131\u015fmalar\u0131n i\u015f birimleri taraf\u0131ndan yap\u0131lmas\u0131 ve ilgili i\u015f s\u00fcre\u00e7lerinin y\u00fcr\u00fct\u00fclmesi,<br \/>\nConducting the necessary work by the relevant business units to realize the commercial activities carried out by the Company and executing the related business processes.<br \/>\n\u015eirket\u00a0taraf\u0131ndan y\u00fcr\u00fct\u00fclen ticari faaliyetlerin ger\u00e7ekle\u015ftirilmesi i\u00e7in ilgili i\u015f birimleri taraf\u0131ndan gerekli \u00e7al\u0131\u015fmalar\u0131n yap\u0131lmas\u0131 ve buna ba\u011fl\u0131 i\u015f s\u00fcre\u00e7lerinin y\u00fcr\u00fct\u00fclmesi,<br \/>\n\u015eirket\u2018in ticari ve\/veya i\u015f stratejilerinin planlanmas\u0131 ve icras\u0131 ve\u00a0\u015eirket\u2018in ve\u00a0\u015eirket\u2018le i\u015f ili\u015fkisi i\u00e7erisinde olan ilgili ki\u015filerin hukuki, teknik ve ticari-i\u015f g\u00fcvenli\u011finin temini ama\u00e7lar\u0131yla i\u015flenmektedir.<br \/>\n1. c) Ki\u015fisel Verilerin Payla\u015f\u0131labilece\u011fi Taraflar ve Payla\u015f\u0131m Ama\u00e7lar\u0131<br \/>\nKi\u015fisel verileriniz, Kanun\u2019un 8. ve 9. maddelerinde belirtilen ki\u015fisel veri i\u015fleme \u015fartlar\u0131 ve ama\u00e7lar\u0131<\/p>\n<p>\u015eirket\u00a0taraf\u0131ndan sunulan \u00fcr\u00fcn ve hizmetlerin ilgili ki\u015filerin be\u011feni<br \/>\nkullan\u0131m al\u0131\u015fkanl\u0131klar\u0131 ve ihtiya\u00e7lar\u0131na g\u00f6re \u00f6zelle\u015ftirilerek ilgili ki\u015filere \u00f6nerilmesi ve tan\u0131t\u0131lmas\u0131 i\u00e7in gerekli olan aktivitelerin planlanmas\u0131 ve icras\u0131,<br \/>\n\u015eirket\u00a0taraf\u0131ndan sunulan \u00fcr\u00fcn ve hizmetlerden<br \/>\nilgili ki\u015fileri faydaland\u0131rmak i\u00e7in gerekli \u00e7al\u0131\u015fmalar\u0131n i\u015f birimleri taraf\u0131ndan yap\u0131lmas\u0131 ve ilgili i\u015f s\u00fcre\u00e7lerinin y\u00fcr\u00fct\u00fclmesi,\u00a0\u015eirket\u00a0taraf\u0131ndan y\u00fcr\u00fct\u00fclen ticari faaliyetlerin ger\u00e7ekle\u015ftirilmesi i\u00e7in ilgili i\u015f birimleri taraf\u0131ndan gerekli \u00e7al\u0131\u015fmalar\u0131n yap\u0131lmas\u0131 ve buna ba\u011fl\u0131 i\u015f s\u00fcre\u00e7lerinin y\u00fcr\u00fct\u00fclmesi,\u00a0\u015eirket\u2018in ticari ve\/veya i\u015f stratejilerinin planlanmas\u0131 ve icras\u0131 ve\u00a0\u015eirket\u2018in ve\u00a0\u015eirket\u2018le i\u015f ili\u015fkisi i\u00e7erisinde olan ilgili ki\u015filerin hukuki, teknik ve ticari-i\u015f g\u00fcvenli\u011finin temini ama\u00e7lar\u0131 dahilinde\u00a0\u015eirket\u2019in i\u015f ortaklar\u0131 ve tedarik\u00e7ileri ile hukuken yetkili kurum ve kurulu\u015flar ile hukuken yetkili \u00f6zel hukuk t\u00fczel ki\u015fileriyle payla\u015f\u0131labilecektir.<br \/>\n1. d) Veri Sahiplerinin Haklar\u0131 ve Bu Haklar\u0131n Kullan\u0131lmas\u0131<br \/>\nKi\u015fisel veri sahipleri olarak a\u015fa\u011f\u0131da belirtilen haklar\u0131n\u0131za ili\u015fkin taleplerinizi\u00a0Veri Sahipleri Taraf\u0131ndan Haklar\u0131n Kullan\u0131lmas\u0131 ba\u015fl\u0131\u011f\u0131 alt\u0131nda\u00a0belirtilen y\u00f6ntemlerle \u015eirket\u2019e iletmeniz durumunda talepleriniz \u015eirketimiz taraf\u0131ndan m\u00fcmk\u00fcn olan en k\u0131sa s\u00fcrede ve her halde 30 (otuz) g\u00fcn i\u00e7erisinde de\u011ferlendirilerek sonu\u00e7land\u0131r\u0131lacakt\u0131r.<\/p>\n<p>Kanun\u2019un 11. maddesi uyar\u0131nca\u00a0ki\u015fisel veri sahibi\u00a0olarak a\u015fa\u011f\u0131daki haklara sahipsiniz:<\/p>\n<p>* Ki\u015fisel verilerinizin i\u015flenip i\u015flenmedi\u011fini \u00f6\u011frenme,<br \/>\n* Ki\u015fisel verileriniz i\u015flenmi\u015fse buna ili\u015fkin bilgi talep etme,<br \/>\n* Ki\u015fisel verilerinizin i\u015flenme amac\u0131n\u0131 ve bunlar\u0131n amac\u0131na uygun kullan\u0131l\u0131p kullan\u0131lmad\u0131\u011f\u0131n\u0131 \u00f6\u011frenme,<br \/>\n* Yurt i\u00e7inde veya yurt d\u0131\u015f\u0131nda ki\u015fisel verilerinizin aktar\u0131ld\u0131\u011f\u0131 \u00fc\u00e7\u00fcnc\u00fc ki\u015fileri bilme,<br \/>\n* Ki\u015fisel verilerinizin eksik veya yanl\u0131\u015f i\u015flenmi\u015f olmas\u0131 h\u00e2linde bunlar\u0131n d\u00fczeltilmesini isteme ve bu kapsamda yap\u0131lan i\u015flemin ki\u015fisel verilerin aktar\u0131ld\u0131\u011f\u0131 \u00fc\u00e7\u00fcnc\u00fc ki\u015filere bildirilmesini isteme,<br \/>\n* Kanun ve ilgili di\u011fer kanun h\u00fck\u00fcmlerine uygun olarak i\u015flenmi\u015f olmas\u0131na ra\u011fmen, i\u015flenmesini gerektiren sebeplerin ortadan kalkmas\u0131 h\u00e2linde ki\u015fisel verilerinizin silinmesini veya yok edilmesini isteme ve bu kapsamda yap\u0131lan i\u015flemin ki\u015fisel verilerin aktar\u0131ld\u0131\u011f\u0131 \u00fc\u00e7\u00fcnc\u00fc ki\u015filere bildirilmesini isteme,<br \/>\n* \u0130\u015flenen verilerinizin m\u00fcnhas\u0131ran otomatik sistemler vas\u0131tas\u0131yla analiz edilmesi suretiyle ki\u015finin kendisi aleyhine bir sonucun ortaya \u00e7\u0131kmas\u0131na itiraz etme,<br \/>\n* Ki\u015fisel verilerinizin kanuna ayk\u0131r\u0131 olarak i\u015flenmesi sebebiyle zarara u\u011framas\u0131 h\u00e2linde zarar\u0131n giderilmesini talep etme.<br \/>\n* Kanun\u2019un 28. maddesinin 2. f\u0131kras\u0131 veri sahiplerinin talep hakk\u0131 bulunmayan halleri s\u0131ralam\u0131\u015f olup bu kapsamda;<\/p>\n<p>* Ki\u015fisel veri i\u015flemenin su\u00e7 i\u015flenmesinin \u00f6nlenmesi veya su\u00e7 soru\u015fturmas\u0131 i\u00e7in gerekli olmas\u0131,<br \/>\n* \u0130lgili ki\u015finin kendisi taraf\u0131ndan alenile\u015ftirilmi\u015f ki\u015fisel verilerin i\u015flenmesi,<br \/>\n* Ki\u015fisel veri i\u015flemenin kanunun verdi\u011fi yetkiye dayan\u0131larak g\u00f6revli ve yetkili kamu kurum ve kurulu\u015flar\u0131 ile kamu kurumu niteli\u011findeki meslek kurulu\u015flar\u0131nca, denetleme veya d\u00fczenleme g\u00f6revlerinin y\u00fcr\u00fct\u00fclmesi ile disiplin soru\u015fturma veya kovu\u015fturmas\u0131 i\u00e7in gerekli olmas\u0131,<br \/>\n* Ki\u015fisel veri i\u015flemenin b\u00fct\u00e7e, vergi ve mali konulara ili\u015fkin olarak Devletin ekonomik ve mali \u00e7\u0131karlar\u0131n\u0131n korunmas\u0131 i\u00e7in gerekli olmas\u0131,<br \/>\n* hallerinde verilere y\u00f6nelik olarak yukar\u0131da belirlenen haklar kullan\u0131lamayacakt\u0131r.<\/p>\n<p>* Kanun\u2019un 28. maddesinin 1. f\u0131kras\u0131na g\u00f6re ise a\u015fa\u011f\u0131daki durumlarda veriler Kanun kapsam\u0131 d\u0131\u015f\u0131nda olaca\u011f\u0131ndan, veri sahiplerinin talepleri bu veriler bak\u0131m\u0131ndan da i\u015fleme al\u0131nmayacakt\u0131r:<br \/>\n* Ki\u015fisel verilerin, \u00fc\u00e7\u00fcnc\u00fc ki\u015filere verilmemek ve veri g\u00fcvenli\u011fine ili\u015fkin y\u00fck\u00fcml\u00fcl\u00fcklere uyulmak kayd\u0131yla ger\u00e7ek ki\u015filer taraf\u0131ndan tamamen kendisiyle veya ayn\u0131 konutta ya\u015fayan aile fertleriyle ilgili faaliyetler kapsam\u0131nda i\u015flenmesi.<br \/>\n* Ki\u015fisel verilerin resmi istatistik ile anonim h\u00e2le getirilmek suretiyle ara\u015ft\u0131rma, planlama ve istatistik gibi ama\u00e7larla i\u015flenmesi.<br \/>\n* Ki\u015fisel verilerin mill\u00ee savunmay\u0131, mill\u00ee g\u00fcvenli\u011fi, kamu g\u00fcvenli\u011fini, kamu d\u00fczenini, ekonomik g\u00fcvenli\u011fi, \u00f6zel hayat\u0131n gizlili\u011fini veya ki\u015filik haklar\u0131n\u0131 ihlal etmemek ya da su\u00e7 te\u015fkil etmemek kayd\u0131yla, sanat, tarih, edebiyat veya bilimsel ama\u00e7larla ya da ifade \u00f6zg\u00fcrl\u00fc\u011f\u00fc kapsam\u0131nda i\u015flenmesi.<br \/>\n* Ki\u015fisel verilerin mill\u00ee savunmay\u0131, mill\u00ee g\u00fcvenli\u011fi, kamu g\u00fcvenli\u011fini, kamu d\u00fczenini veya ekonomik g\u00fcvenli\u011fi sa\u011flamaya y\u00f6nelik olarak kanunla g\u00f6rev ve yetki verilmi\u015f kamu kurum ve kurulu\u015flar\u0131 taraf\u0131ndan y\u00fcr\u00fct\u00fclen \u00f6nleyici, koruyucu ve istihbari faaliyetler kapsam\u0131nda i\u015flenmesi.\n\n* Ki\u015fisel verilerin soru\u015fturma, kovu\u015fturma, yarg\u0131lama veya infaz i\u015flemlerine ili\u015fkin olarak yarg\u0131 makamlar\u0131 veya infaz mercileri taraf\u0131ndan i\u015flenmesi.<br \/>\nVeri Sahipleri Taraf\u0131ndan Haklar\u0131n Kullan\u0131lmas\u0131<\/p>\n<p>* Veri sahipleri, yukar\u0131da bahsi ge\u00e7en haklar\u0131 kullanmak i\u00e7in [https:\/\/bestyachts.net\/contact-us] linkinde yer alan ileti\u015fim formuna, \u201cKi\u015fisel Veri Sahibi Taraf\u0131ndan Veri Sorumlusuna Yap\u0131lacak Ba\u015fvuru\u201d yazarak talepte bulunabilir.<br \/>\n* Ba\u015fvurular, ilgili veri sahibinin kimli\u011fini tespit edecek belgelerle birlikte, https:\/\/www.kvkk.gov.tr\/ sitesinde bulunan y\u00f6ntemlerden biri ile ger\u00e7ekle\u015ftirilecektir.<br \/>\n* \u015eirket, Kanun\u2019da \u00f6ng\u00f6r\u00fclm\u00fc\u015f s\u0131n\u0131rlar \u00e7er\u00e7evesinde s\u00f6z konusu haklar\u0131 kullanmak isteyen veri sahiplerine, yine Kanun\u2019da \u00f6ng\u00f6r\u00fclen \u015fekilde azami otuz (30) g\u00fcn i\u00e7erisinde cevap vermektedir. Ki\u015fisel veri sahipleri ad\u0131na \u00fc\u00e7\u00fcnc\u00fc ki\u015filerin ba\u015fvuru talebinde bulunabilmesi i\u00e7in veri sahibi taraf\u0131ndan ba\u015fvuruda bulunacak ki\u015fi ad\u0131na noter kanal\u0131yla d\u00fczenlenmi\u015f \u00f6zel vek\u00e2letname bulunmal\u0131d\u0131<br \/>\n* Veri sahibi ba\u015fvurular\u0131 kural olarak \u00fccretsiz olarak i\u015fleme al\u0131nmakla birlikte, Ki\u015fisel Verileri Koruma Kurulu taraf\u0131ndan \u00f6ng\u00f6r\u00fclen \u00fccret tarifesi[1]\u00fczerinden \u00fccretlendirme yap\u0131<br \/>\n* \u015eirket, ba\u015fvuruda bulunan ki\u015finin ki\u015fisel veri sahibi olup olmad\u0131\u011f\u0131n\u0131 tespit etmek ad\u0131na ilgili ki\u015fiden bilgi talep edebilir, ba\u015fvuruda belirtilen hususlar\u0131 netle\u015ftirmek ad\u0131na, ki\u015fisel veri sahibine ba\u015fvurusu ile ilgili soru.<\/p>\n\n\t\t<\/div>\n\t<\/div>\n<\/div><\/div><\/div><\/div>\n<\/section>","protected":false},"excerpt":{"rendered":"Privacy PolicyPrivacy Policy BEST ACENTE DEN\u0130Z ARA\u00c7LARI YAT\u00c7ILIK TUR\u0130ZM SANAY\u0130 VE T\u0130CARET A.\u015e. INFORMATION NOTICE REGARDING THE PROCESSING OF PERSONAL DATA This Information Notice has been prepared by Best Acente Deniz Ara\u00e7lar\u0131 Yat\u00e7\u0131l\u0131k Turizm Sanayi ve Ticaret Anonim \u015eirketi (\"Company\") to inform the Company's customers about the processing of their personal data by the Company...","protected":false},"author":1,"featured_media":0,"parent":0,"menu_order":0,"comment_status":"closed","ping_status":"closed","template":"","meta":{"footnotes":"","_links_to":"","_links_to_target":""},"class_list":["post-5617","page","type-page","status-publish","hentry"],"acf":[],"_links":{"self":[{"href":"https:\/\/bestyachts.net\/tr\/wp-json\/wp\/v2\/pages\/5617","targetHints":{"allow":["GET"]}}],"collection":[{"href":"https:\/\/bestyachts.net\/tr\/wp-json\/wp\/v2\/pages"}],"about":[{"href":"https:\/\/bestyachts.net\/tr\/wp-json\/wp\/v2\/types\/page"}],"author":[{"embeddable":true,"href":"https:\/\/bestyachts.net\/tr\/wp-json\/wp\/v2\/users\/1"}],"replies":[{"embeddable":true,"href":"https:\/\/bestyachts.net\/tr\/wp-json\/wp\/v2\/comments?post=5617"}],"version-history":[{"count":4,"href":"https:\/\/bestyachts.net\/tr\/wp-json\/wp\/v2\/pages\/5617\/revisions"}],"predecessor-version":[{"id":8017,"href":"https:\/\/bestyachts.net\/tr\/wp-json\/wp\/v2\/pages\/5617\/revisions\/8017"}],"wp:attachment":[{"href":"https:\/\/bestyachts.net\/tr\/wp-json\/wp\/v2\/media?parent=5617"}],"curies":[{"name":"wp","href":"https:\/\/api.w.org\/{rel}","templated":true}]}}