{"id":712,"date":"2015-11-18T05:22:15","date_gmt":"2015-11-18T05:22:15","guid":{"rendered":"http:\/\/unittest3.loc\/?page_id=712"},"modified":"2026-02-18T12:50:58","modified_gmt":"2026-02-18T12:50:58","slug":"contact-us","status":"publish","type":"page","link":"https:\/\/bestyachts.net\/tr\/contact-us\/","title":{"rendered":"Bize Ula\u015f\u0131n"},"content":{"rendered":"<section class=\"wpb-content-wrapper\"><section data-vc-full-width=\"true\" data-vc-full-width-init=\"false\" class=\"vc_section vc_custom_1699953130267 vc_section-has-fill\"><div class=\"vc_row wpb_row vc_row-fluid\"><div class=\"wpb_column vc_column_container vc_col-sm-12\"><div class=\"vc_column-inner\"><div class=\"wpb_wrapper\"><h1 style=\"color: #ffffff;text-align: left;font-family:Montserrat;font-weight:400;font-style:normal\" class=\"vc_custom_heading\" >Bize Ula\u015f\u0131n<\/h1><\/div><\/div><\/div><\/div><\/section><div class=\"vc_row-full-width vc_clearfix\"><\/div><div data-vc-full-width=\"true\" data-vc-full-width-init=\"false\" data-vc-parallax=\"1.5\" data-vc-parallax-image=\"\" class=\"vc_row wpb_row vc_row-fluid vc_custom_1697705242249 vc_general vc_parallax stm-fixed-bg vc_parallax-content-moving\"><div class=\"wpb_column vc_column_container vc_col-sm-12\"><div class=\"vc_column-inner\"><div class=\"wpb_wrapper\"><div class=\"vc_empty_space\"   style=\"height: 32px\"><span class=\"vc_empty_space_inner\"><\/span><\/div><\/div><\/div><\/div><\/div><div class=\"vc_row-full-width\"><\/div><div class=\"vc_row wpb_row vc_row-fluid\"><div class=\"wpb_column vc_column_container vc_col-sm-6\"><div class=\"vc_column-inner\"><div class=\"wpb_wrapper\">\n\t<div class=\"wpb_text_column wpb_content_element\" >\n\t\t<div class=\"wpb_wrapper\">\n\t\t\t<div class=\"cnt-dtls-info\">\n<h3>Best Yachts Co. Istanbul Office<\/h3>\n<h4>Adres:<\/h4>\n<p>Ayd\u0131ntepe Mah., Sahilyolu Blv., Alize \u0130\u015f Merkezi,<br \/>\nNo: 191\/76, 34947, Tuzla, \u0130stanbul, TR<\/p>\n<h4>\nTelefon:<\/h4>\n<p><a href=\"tel: 905356744346\">+90 535 674 43 46<\/a><\/p>\n<h4>\nE-posta:<\/h4>\n<p><a style=\"color: #333 !important;\" href=\"mailto:info@bestyacht.net\">info@bestyacht.net<\/a><\/p>\n<\/div>\n\n\t\t<\/div>\n\t<\/div>\n\n\t<div class=\"wpb_text_column wpb_content_element  vc_custom_1771418989254\" >\n\t\t<div class=\"wpb_wrapper\">\n\t\t\t<div class=\"cnt-dtls-info\">\n<h3>Shipyard<\/h3>\n<h4>Adres:<\/h4>\n<p>Pina Marin Shipyard, Antalya Free Trade Zone,<br \/>\nLiman Sb. Mah., 3. Sok., No: 3\/1,<br \/>\n07130, Konyaalt\u0131, Antalya, TR<\/p>\n<h4>\nTelefon:<\/h4>\n<p><a href=\"tel: 902422592122\"> +90 242 259 21 22<\/a><\/p>\n<h4>\nE-posta:<\/h4>\n<p><a style=\"color: #333 !important;\" href=\"mailto:shipyard@bestyachts.net\">shipyard@bestyachts.net<\/a><\/p>\n<\/div>\n\n\t\t<\/div>\n\t<\/div>\n\n\t<div class=\"wpb_text_column wpb_content_element  vc_custom_1771419015889\" >\n\t\t<div class=\"wpb_wrapper\">\n\t\t\t<div class=\"cnt-dtls-info\">\n<h3>Sat\u0131\u015f ve Kiralama ofisi<\/h3>\n<h4>Adres:<\/h4>\n<p>Teos Marina, S\u0131\u011fac\u0131k Mah., Akkum Cad.,<br \/>\nNo: 4\/2 C-D, 35460, Seferihisar, \u0130zmir, TR<\/p>\n<h4>\nTelefon:<\/h4>\n<p><a href=\"tel: 902327434300\">+90 232 743 43 00<\/a><br \/>\n<a href=\"tel: 905421377724\">+90 542 137 77 24<\/a><\/p>\n<h4>\nE-posta:<\/h4>\n<p><a style=\"color: #333 !important;\" href=\"mailto:sales@bestyachts.net\">sales@bestyachts.net<\/a><\/p>\n<\/div>\n\n\t\t<\/div>\n\t<\/div>\n\n\t<div class=\"wpb_text_column wpb_content_element  vc_custom_1771419041962\" >\n\t\t<div class=\"wpb_wrapper\">\n\t\t\t<div class=\"cnt-dtls-info\">\n<h3>Best Yachts LLC, Florida Office<\/h3>\n<h4>Adres:<\/h4>\n<p>7901 4th St N STE 300, St. Petersburg, FL 33702 USA<\/p>\n<h4>\nTelefon:<\/h4>\n<p><a href=\"tel: 902327434300\">+90 535 674 43 46<\/a><\/p>\n<h4>\nE-posta:<\/h4>\n<p><a style=\"color: #333 !important;\" href=\"mailto:sales@bestyachts.net\">sales@bestyachts.net<\/a><\/p>\n<\/div>\n\n\t\t<\/div>\n\t<\/div>\n<\/div><\/div><\/div><div class=\"wpb_column vc_column_container vc_col-sm-6\"><div class=\"vc_column-inner\"><div class=\"wpb_wrapper\">\n<div class=\"wpcf7 no-js\" id=\"wpcf7-f717-o1\" lang=\"en-US\" dir=\"ltr\">\n<div class=\"screen-reader-response\"><p role=\"status\" aria-live=\"polite\" aria-atomic=\"true\"><\/p> <ul><\/ul><\/div>\n<form action=\"\/tr\/wp-json\/wp\/v2\/pages\/712#wpcf7-f717-o1\" method=\"post\" class=\"wpcf7-form init\" aria-label=\"Contact form\" novalidate=\"novalidate\" data-status=\"init\" data-trp-original-action=\"\/tr\/wp-json\/wp\/v2\/pages\/712#wpcf7-f717-o1\">\n<div style=\"display: none;\">\n<input type=\"hidden\" name=\"_wpcf7\" value=\"717\" \/>\n<input type=\"hidden\" name=\"_wpcf7_version\" value=\"5.7.6\" \/>\n<input type=\"hidden\" name=\"_wpcf7_locale\" value=\"en_US\" \/>\n<input type=\"hidden\" name=\"_wpcf7_unit_tag\" value=\"wpcf7-f717-o1\" \/>\n<input type=\"hidden\" name=\"_wpcf7_container_post\" value=\"0\" \/>\n<input type=\"hidden\" name=\"_wpcf7_posted_data_hash\" value=\"\" \/>\n<input type=\"hidden\" name=\"_cf7a__timestamp\" value=\"+LheBoTcHeKNdWR4jecZRg==\" \/>\n<input type=\"hidden\" name=\"_cf7a_version\" value=\"1.0\" \/>\n<input type=\"hidden\" name=\"_cf7a_address\" value=\"rwg0IlMuBBAFIWLNAlMBIw==\" \/>\n<input type=\"hidden\" name=\"_cf7a_referer\" value=\"en+XlWWNaSvv06YrRncokg==\" \/>\n<input type=\"hidden\" name=\"_cf7a_protocol\" value=\"SYM73gW18N7SsdhEZq019w==\" \/>\n<input type=\"hidden\" name=\"_cf7a_bot_fingerprint\" value=\"+LheBoTcHeKNdWR4jecZRg==\" \/>\n<input type=\"hidden\" name=\"_cf7a_bot_fingerprint_extras\" value=\"\" \/>\n<input type=\"hidden\" name=\"_cf7a_append_on_submit\" value=\"\" \/>\n<\/div>\n<div class=\"row\">\n    <div class=\"col-md-6 col-sm-12\">\n        <div class=\"form-group\">\n            <div class=\"contact-us-label\">First Name*<\/div>\n            <span class=\"wpcf7-form-control-wrap\" data-name=\"name\"><input size=\"40\" class=\"wpcf7-form-control wpcf7-text wpcf7-validates-as-required\" aria-required=\"true\" aria-invalid=\"false\" placeholder=\"Enter your first name\" value=\"\" type=\"text\" name=\"name\" \/><input type=\"text\" name=\"name\" value=\"\" autocomplete=\"fill\" class=\"fit-the-fullspace\" aria-hidden=\"true\" tabindex=\"-1\" \/><\/span>\n        <\/div>\n    <\/div>\n    <div class=\"col-md-6 col-sm-12\">\n        <div class=\"form-group\">\n\t\t\t<div class=\"contact-us-label\">Last Name*<\/div>\n            <span class=\"wpcf7-form-control-wrap\" data-name=\"last-name\"><input type=\"text\" name=\"email\" value=\"\" autocomplete=\"fill\" class=\"fit-the-fullspace\" aria-hidden=\"true\" tabindex=\"-1\" \/><input size=\"40\" class=\"wpcf7-form-control wpcf7-text wpcf7-validates-as-required\" aria-required=\"true\" aria-invalid=\"false\" placeholder=\"Enter your last name\" value=\"\" type=\"text\" name=\"last-name\" \/><\/span>\n        <\/div>\n    <\/div>\n    <div class=\"col-md-6 col-sm-12\">\n        <div class=\"form-group\">\n            <div class=\"contact-us-label\">Email*<\/div>\n            <span class=\"wpcf7-form-control-wrap\" data-name=\"email\"><input size=\"40\" class=\"wpcf7-form-control wpcf7-text wpcf7-email wpcf7-validates-as-required wpcf7-validates-as-email\" aria-required=\"true\" aria-invalid=\"false\" placeholder=\"email@domain.com\" value=\"\" type=\"email\" name=\"email\" \/><\/span>\n        <\/div>\n    <\/div>\n    <div class=\"col-md-6 col-sm-12\">\n        <div class=\"form-group\">\n            <div class=\"contact-us-label\">Phone<\/div>\n            <span class=\"wpcf7-form-control-wrap\" data-name=\"phone\"><input size=\"40\" class=\"wpcf7-form-control wpcf7-text wpcf7-tel wpcf7-validates-as-tel\" aria-invalid=\"false\" placeholder=\"Phone number\" value=\"\" type=\"tel\" name=\"phone\" \/><\/span>\n        <\/div>\n    <\/div>\n\n \n  <div class=\"col-md-12 col-sm-12\">\n        <div class=\"form-group\">\n            <div class=\"contact-us-label\">Best time<\/div>\n       <span class=\"wpcf7-form-control-wrap\" data-name=\"date\"><input class=\"wpcf7-form-control wpcf7-date wpcf7-validates-as-required wpcf7-validates-as-date\" aria-required=\"true\" aria-invalid=\"false\" value=\"\" type=\"date\" name=\"date\" \/><\/span>\n        <\/div>\n    <\/div>\n\n\n\n    <div class=\"col-md-12 col-sm-12\">\n        <div class=\"form-group\">\n            <div class=\"form-group\">\n                <div class=\"contact-us-label\">Comment<\/div>\n                <span class=\"wpcf7-form-control-wrap\" data-name=\"message\"><textarea cols=\"40\" rows=\"10\" class=\"wpcf7-form-control wpcf7-textarea\" aria-invalid=\"false\" placeholder=\"Enter your message...\" name=\"message\"><\/textarea><\/span>\n            <\/div>\n        <\/div>        \n    <\/div>\n\n <div class=\"col-md-6 col-sm-12\">\n        <div class=\"form-group\">\n<p class=\"dscf7captcha\"><input name=\"dscf7_hidden_val1-dscf7captcha-773\" id=\"dscf7_hidden_val1-dscf7captcha-773\" type=\"hidden\" value=\"9\" \/><input name=\"dscf7_hidden_val2-dscf7captcha-773\" id=\"dscf7_hidden_val2-dscf7captcha-773\" type=\"hidden\" value=\"8\" \/><input name=\"dscf7_hidden_action-dscf7captcha-773\" id=\"dscf7_hidden_action-dscf7captcha-773\" type=\"hidden\" value=\"+\" \/>What is <span class=\"cf7as-firstAct\">8<\/span> +<span class=\"cf7as-firstAct\"> 9<\/span> ? <a href=\"javascript:void(0)\" id=\"dscf7captcha-773\" class=\"dscf7_refresh_captcha\"><img decoding=\"async\" class=\"dscf7_captcha_icon\" src=\"https:\/\/bestyachts.net\/wp-content\/plugins\/ds-cf7-math-captcha\/assets\/img\/icons8-refresh-30.png\"\/><img decoding=\"async\" class=\"dscf7_captcha_reload_icon\" src=\"https:\/\/bestyachts.net\/wp-content\/plugins\/ds-cf7-math-captcha\/assets\/img\/446bcd468478f5bfb7b4e5c804571392_w200.gif\" style=\"display:none; width:30px\" \/><\/a><br><span class=\"wpcf7-form-control-wrap\" data-name=\"dscf7captcha-773\"> <input type=\"text\" name=\"billing_company\" value=\"\" autocomplete=\"fill\" class=\"fit-the-fullspace\" aria-hidden=\"true\" tabindex=\"-1\" \/><input type=\"text\" aria-invalid=\"false\" aria-required=\"true\" class=\"wpcf7-form-control wpcf7-text wpcf7-validates-as-required\" size=\"5\" value=\"\" name=\"dscf7captcha-773\" placeholder=\"Type your answer\" style=\"width:200px; margin-bottom:10px;\" oninput=\"this.value = this.value.replace(\/[^0-9.]\/g, '').replace(\/(\\..*)\\.\/g, '$1');\"><\/span><\/p>\n\n<\/div>\n<\/div>\n\n\n\t<div class=\"col-md-12 col-sm-12\">\n\t\t<div class=\"contact-us-submit\">\n\t\t\t<input class=\"wpcf7-form-control has-spinner wpcf7-submit contact-us-submit\" type=\"submit\" value=\"G\u00f6ndermek\" \/>\n\t\t<\/div>\n\t<\/div>\n<\/div><input type='hidden' class='wpcf7-pum' value='{\"closepopup\":false,\"closedelay\":0,\"openpopup\":false,\"openpopup_id\":0}' \/><div class=\"wpcf7-response-output\" aria-hidden=\"true\"><\/div>\n<input type=\"hidden\" name=\"trp-form-language\" value=\"tr\"\/><\/form>\n<\/div>\n<\/div><\/div><\/div><\/div><div class=\"vc_row wpb_row vc_row-fluid\"><div class=\"wpb_column vc_column_container vc_col-sm-3\"><div class=\"vc_column-inner\"><div class=\"wpb_wrapper\"><\/div><\/div><\/div><div class=\"wpb_column vc_column_container vc_col-sm-6\"><div class=\"vc_column-inner\"><div class=\"wpb_wrapper\"><h2 style=\"color: #992029;text-align: center;font-family:Montserrat;font-weight:700;font-style:normal\" class=\"vc_custom_heading\" >The Team<\/h2><\/div><\/div><\/div><div class=\"wpb_column vc_column_container vc_col-sm-3\"><div class=\"vc_column-inner\"><div class=\"wpb_wrapper\"><\/div><\/div><\/div><\/div><div class=\"vc_row wpb_row vc_row-fluid\"><div class=\"wpb_column vc_column_container vc_col-sm-12\"><div class=\"vc_column-inner\"><div class=\"wpb_wrapper\"><div class=\"vc_row wpb_row vc_inner vc_row-fluid\"><div class=\"wpb_column vc_column_container vc_col-sm-3\"><div class=\"vc_column-inner\"><div class=\"wpb_wrapper\">\t\t\r\n\t\t<!-- Outset Style -->\r\n\t<div class=\"mega_team_case_3\" style=\"width: px;\">\r\n\t\t<div class=\"mega_team_wrap\">\r\n\t\t\t<div class=\"member-image\">\r\n\t\t\t\t\t\t\t\t\t<a href=\"\" target=\"\" title=\"\"><img decoding=\"async\" src=\"https:\/\/bestyachts.net\/wp-content\/uploads\/2023\/10\/3.jpg\" alt=\"\"><\/a>\r\n\t\t\t\t\t\t\t\t\t\t\t<\/div>\r\n\t\t\t<div class=\"member-name\" style=\"color: ; font-size: 18px;\">\r\n\t\t\t\tAlp Pamir\t\t\t\t<span style=\"color: ; font-size: 14px;\">\r\n\t\t\t\t\tDirector \u2022 Best Yachts \u2022 Marine Engineer &amp; Naval Architect\t\t\t\t<\/span>\r\n\t\t\t<\/div>\r\n\t\t<\/div>\r\n\t\t<div class=\"member-desc\" style=\"color: ; font-size: px;\">\r\n\t\t\t\t\t<\/div>\r\n\t\t<div class=\"member-info\" style=\"font-size: 17px; color: \">\r\n\t\t\t\t\t\t\t\t\t\t\t\t\t\t\t\t<p><i class=\"fa fa-phone-square\" aria-hidden=\"true\"><\/i> +90 535 674 43 46<\/p>\r\n\t\t\t\t\t<\/div>\r\n\t\t<div class=\"member-skills\">\r\n\t\t\t\t\r\n\t\t\t\t\t\t\t\t\r\n\t\t\t\t\t\t\t\t\r\n\t\t\t\t\t\t\t\t\r\n\t\t\t\t\t\t\t<\/div>\r\n\t\t<div class=\"member-social\">\r\n\t\t\t<a href=\"\" style=\"background-color: \" target=\"_blank\">\r\n\t\t\t\t<i class=\"\"><\/i>\r\n\t\t\t<\/a>\r\n\t\t\t<a href=\"\" style=\"background-color: \" target=\"_blank\">\r\n\t\t\t\t<i class=\"\"><\/i>\r\n\t\t\t<\/a>\r\n\t\t\t<a href=\"\" style=\"background-color: \" target=\"_blank\">\r\n\t\t\t\t<i class=\"\"><\/i>\r\n\t\t\t<\/a>\r\n\t\t\t<a href=\"\" style=\"background-color: \" target=\"_blank\">\r\n\t\t\t\t<i class=\"\"><\/i>\r\n\t\t\t<\/a>\r\n\t\t\t<a href=\"\" style=\"background-color: \" target=\"_blank\">\r\n\t\t\t\t<i class=\"\"><\/i>\r\n\t\t\t<\/a>\r\n\t\t\t\t\t<\/div>\r\n\t<\/div>\r\n\r\n\t\t<\/div><\/div><\/div><div class=\"wpb_column vc_column_container vc_col-sm-3\"><div class=\"vc_column-inner\"><div class=\"wpb_wrapper\">\t\t\r\n\t\t<!-- Outset Style -->\r\n\t<div class=\"mega_team_case_3\" style=\"width: px;\">\r\n\t\t<div class=\"mega_team_wrap\">\r\n\t\t\t<div class=\"member-image\">\r\n\t\t\t\t\t\t\t\t\t<a href=\"\" target=\"\" title=\"\"><img decoding=\"async\" src=\"https:\/\/bestyachts.net\/wp-content\/uploads\/2023\/10\/1.jpg\" alt=\"\"><\/a>\r\n\t\t\t\t\t\t\t\t\t\t\t<\/div>\r\n\t\t\t<div class=\"member-name\" style=\"color: ; font-size: 18px;\">\r\n\t\t\t\tTayfun Asyal\u0131\t\t\t\t<span style=\"color: ; font-size: 14px;\">\r\n\t\t\t\t\tG\u00f6cek - G\u00f6kova Area Manager\t\t\t\t<\/span>\r\n\t\t\t<\/div>\r\n\t\t<\/div>\r\n\t\t<div class=\"member-desc\" style=\"color: ; font-size: px;\">\r\n\t\t\t\t\t<\/div>\r\n\t\t<div class=\"member-info\" style=\"font-size: 17px; color: \">\r\n\t\t\t\t\t\t\t\t\t\t\t\t\t\t\t\t<p><i class=\"fa fa-phone-square\" aria-hidden=\"true\"><\/i> +90 541 711 19 45<\/p>\r\n\t\t\t\t\t<\/div>\r\n\t\t<div class=\"member-skills\">\r\n\t\t\t\t\r\n\t\t\t\t\t\t\t\t\r\n\t\t\t\t\t\t\t\t\r\n\t\t\t\t\t\t\t\t\r\n\t\t\t\t\t\t\t<\/div>\r\n\t\t<div class=\"member-social\">\r\n\t\t\t<a href=\"\" style=\"background-color: \" target=\"_blank\">\r\n\t\t\t\t<i class=\"\"><\/i>\r\n\t\t\t<\/a>\r\n\t\t\t<a href=\"\" style=\"background-color: \" target=\"_blank\">\r\n\t\t\t\t<i class=\"\"><\/i>\r\n\t\t\t<\/a>\r\n\t\t\t<a href=\"\" style=\"background-color: \" target=\"_blank\">\r\n\t\t\t\t<i class=\"\"><\/i>\r\n\t\t\t<\/a>\r\n\t\t\t<a href=\"\" style=\"background-color: \" target=\"_blank\">\r\n\t\t\t\t<i class=\"\"><\/i>\r\n\t\t\t<\/a>\r\n\t\t\t<a href=\"\" style=\"background-color: \" target=\"_blank\">\r\n\t\t\t\t<i class=\"\"><\/i>\r\n\t\t\t<\/a>\r\n\t\t\t\t\t<\/div>\r\n\t<\/div>\r\n\r\n\t\t<\/div><\/div><\/div><div class=\"wpb_column vc_column_container vc_col-sm-3\"><div class=\"vc_column-inner\"><div class=\"wpb_wrapper\">\t\t\r\n\t\t<!-- Outset Style -->\r\n\t<div class=\"mega_team_case_3\" style=\"width: px;\">\r\n\t\t<div class=\"mega_team_wrap\">\r\n\t\t\t<div class=\"member-image\">\r\n\t\t\t\t\t\t\t\t\t<a href=\"\" target=\"\" title=\"\"><img decoding=\"async\" src=\"https:\/\/bestyachts.net\/wp-content\/uploads\/2025\/12\/WhatsApp-Image-2025-12-11-at-17.53.14-e1765643330392.jpeg\" alt=\"\"><\/a>\r\n\t\t\t\t\t\t\t\t\t\t\t<\/div>\r\n\t\t\t<div class=\"member-name\" style=\"color: ; font-size: 18px;\">\r\n\t\t\t\tAsl\u0131 Macat\t\t\t\t<span style=\"color: ; font-size: 14px;\">\r\n\t\t\t\t\tSales Representative North Aegean Region\t\t\t\t<\/span>\r\n\t\t\t<\/div>\r\n\t\t<\/div>\r\n\t\t<div class=\"member-desc\" style=\"color: ; font-size: px;\">\r\n\t\t\t\t\t<\/div>\r\n\t\t<div class=\"member-info\" style=\"font-size: 17px; color: \">\r\n\t\t\t\t\t\t\t\t\t\t\t\t\t\t\t\t<p><i class=\"fa fa-phone-square\" aria-hidden=\"true\"><\/i> +90 544 597 17 60<\/p>\r\n\t\t\t\t\t<\/div>\r\n\t\t<div class=\"member-skills\">\r\n\t\t\t\t\r\n\t\t\t\t\t\t\t\t\r\n\t\t\t\t\t\t\t\t\r\n\t\t\t\t\t\t\t\t\r\n\t\t\t\t\t\t\t<\/div>\r\n\t\t<div class=\"member-social\">\r\n\t\t\t<a href=\"\" style=\"background-color: \" target=\"_blank\">\r\n\t\t\t\t<i class=\"\"><\/i>\r\n\t\t\t<\/a>\r\n\t\t\t<a href=\"\" style=\"background-color: \" target=\"_blank\">\r\n\t\t\t\t<i class=\"\"><\/i>\r\n\t\t\t<\/a>\r\n\t\t\t<a href=\"\" style=\"background-color: \" target=\"_blank\">\r\n\t\t\t\t<i class=\"\"><\/i>\r\n\t\t\t<\/a>\r\n\t\t\t<a href=\"\" style=\"background-color: \" target=\"_blank\">\r\n\t\t\t\t<i class=\"\"><\/i>\r\n\t\t\t<\/a>\r\n\t\t\t<a href=\"\" style=\"background-color: \" target=\"_blank\">\r\n\t\t\t\t<i class=\"\"><\/i>\r\n\t\t\t<\/a>\r\n\t\t\t\t\t<\/div>\r\n\t<\/div>\r\n\r\n\t\t<\/div><\/div><\/div><div class=\"wpb_column vc_column_container vc_col-sm-3\"><div class=\"vc_column-inner\"><div class=\"wpb_wrapper\">\t\t\r\n\t\t<!-- Outset Style -->\r\n\t<div class=\"mega_team_case_3\" style=\"width: px;\">\r\n\t\t<div class=\"mega_team_wrap\">\r\n\t\t\t<div class=\"member-image\">\r\n\t\t\t\t\t\t\t\t\t<a href=\"\" target=\"\" title=\"\"><img decoding=\"async\" src=\"https:\/\/bestyachts.net\/wp-content\/uploads\/2023\/10\/WhatsApp-Image-2023-10-19-at-11.20.35.jpeg\" alt=\"\"><\/a>\r\n\t\t\t\t\t\t\t\t\t\t\t<\/div>\r\n\t\t\t<div class=\"member-name\" style=\"color: ; font-size: 18px;\">\r\n\t\t\t\tCaptain Yener Balta\t\t\t\t<span style=\"color: ; font-size: 14px;\">\r\n\t\t\t\t\tAntalya Area Manager\t\t\t\t<\/span>\r\n\t\t\t<\/div>\r\n\t\t<\/div>\r\n\t\t<div class=\"member-desc\" style=\"color: ; font-size: px;\">\r\n\t\t\t\t\t<\/div>\r\n\t\t<div class=\"member-info\" style=\"font-size: 17px; color: \">\r\n\t\t\t\t\t\t\t\t\t\t\t\t\t\t\t\t<p><i class=\"fa fa-phone-square\" aria-hidden=\"true\"><\/i> +90 532 251 06 75<\/p>\r\n\t\t\t\t\t<\/div>\r\n\t\t<div class=\"member-skills\">\r\n\t\t\t\t\r\n\t\t\t\t\t\t\t\t\r\n\t\t\t\t\t\t\t\t\r\n\t\t\t\t\t\t\t\t\r\n\t\t\t\t\t\t\t<\/div>\r\n\t\t<div class=\"member-social\">\r\n\t\t\t<a href=\"\" style=\"background-color: \" target=\"_blank\">\r\n\t\t\t\t<i class=\"\"><\/i>\r\n\t\t\t<\/a>\r\n\t\t\t<a href=\"\" style=\"background-color: \" target=\"_blank\">\r\n\t\t\t\t<i class=\"\"><\/i>\r\n\t\t\t<\/a>\r\n\t\t\t<a href=\"\" style=\"background-color: \" target=\"_blank\">\r\n\t\t\t\t<i class=\"\"><\/i>\r\n\t\t\t<\/a>\r\n\t\t\t<a href=\"\" style=\"background-color: \" target=\"_blank\">\r\n\t\t\t\t<i class=\"\"><\/i>\r\n\t\t\t<\/a>\r\n\t\t\t<a href=\"\" style=\"background-color: \" target=\"_blank\">\r\n\t\t\t\t<i class=\"\"><\/i>\r\n\t\t\t<\/a>\r\n\t\t\t\t\t<\/div>\r\n\t<\/div>\r\n\r\n\t\t<\/div><\/div><\/div><\/div><\/div><\/div><\/div><\/div><div data-vc-full-width=\"true\" data-vc-full-width-init=\"false\" data-vc-parallax=\"1.5\" data-vc-parallax-image=\"\" class=\"vc_row wpb_row vc_row-fluid vc_custom_1684215197753 vc_general vc_parallax stm-fixed-bg vc_parallax-content-moving\"><div class=\"wpb_column vc_column_container vc_col-sm-12\"><div class=\"vc_column-inner\"><div class=\"wpb_wrapper\">\n\t<div class=\"wpb_text_column wpb_content_element\" >\n\t\t<div class=\"wpb_wrapper\">\n\t\t\t<p><iframe loading=\"lazy\" style=\"border: 0;\" src=\"https:\/\/www.google.com\/maps\/embed?pb=!1m18!1m12!1m3!1d192941.9448539202!2d28.948054017627413!3d40.92193111997513!2m3!1f0!2f0!3f0!3m2!1i1024!2i768!4f13.1!3m3!1m2!1s0x14cadc43d0aa7f6f%3A0xfdeea2d5919c968d!2zQWxpemUgxLDFnyBNZXJrZXpp!5e0!3m2!1sen!2sin!4v1684224419777!5m2!1sen!2sin\" width=\"100%\" height=\"350\" allowfullscreen=\"allowfullscreen\"><\/iframe><\/p>\n\n\t\t<\/div>\n\t<\/div>\n<\/div><\/div><\/div><\/div><div class=\"vc_row-full-width\"><\/div>\n<\/section>","protected":false},"excerpt":{"rendered":"Contact Us Best Yachts Co. Istanbul Office Address: Ayd\u0131ntepe Mah., Sahilyolu Blv., Alize \u0130\u015f Merkezi, No: 191\/76, 34947, Tuzla, \u0130stanbul, TR Phone: +90 535 674 43 46 E-mail: info@bestyacht.net Shipyard Address: Pina Marin Shipyard, Antalya Free Trade Zone, Liman Sb. Mah., 3. Sok., No: 3\/1, 07130, Konyaalt\u0131, Antalya, TR Phone: +90 242 259 21 22...","protected":false},"author":1,"featured_media":0,"parent":0,"menu_order":0,"comment_status":"closed","ping_status":"closed","template":"","meta":{"footnotes":"","_links_to":"","_links_to_target":""},"class_list":["post-712","page","type-page","status-publish","hentry"],"acf":[],"_links":{"self":[{"href":"https:\/\/bestyachts.net\/tr\/wp-json\/wp\/v2\/pages\/712","targetHints":{"allow":["GET"]}}],"collection":[{"href":"https:\/\/bestyachts.net\/tr\/wp-json\/wp\/v2\/pages"}],"about":[{"href":"https:\/\/bestyachts.net\/tr\/wp-json\/wp\/v2\/types\/page"}],"author":[{"embeddable":true,"href":"https:\/\/bestyachts.net\/tr\/wp-json\/wp\/v2\/users\/1"}],"replies":[{"embeddable":true,"href":"https:\/\/bestyachts.net\/tr\/wp-json\/wp\/v2\/comments?post=712"}],"version-history":[{"count":10,"href":"https:\/\/bestyachts.net\/tr\/wp-json\/wp\/v2\/pages\/712\/revisions"}],"predecessor-version":[{"id":10507,"href":"https:\/\/bestyachts.net\/tr\/wp-json\/wp\/v2\/pages\/712\/revisions\/10507"}],"wp:attachment":[{"href":"https:\/\/bestyachts.net\/tr\/wp-json\/wp\/v2\/media?parent=712"}],"curies":[{"name":"wp","href":"https:\/\/api.w.org\/{rel}","templated":true}]}}