{"id":7564,"date":"2024-07-09T12:16:55","date_gmt":"2024-07-09T12:16:55","guid":{"rendered":"https:\/\/bestyachts.net\/?page_id=7564"},"modified":"2024-07-09T12:30:35","modified_gmt":"2024-07-09T12:30:35","slug":"tuna-tours","status":"publish","type":"page","link":"https:\/\/bestyachts.net\/tr\/service\/tuna-tours\/","title":{"rendered":"Tuna Fishing Tours"},"content":{"rendered":"<section class=\"wpb-content-wrapper\"><section data-vc-full-width=\"true\" data-vc-full-width-init=\"false\" class=\"vc_section vc_custom_1720525695961 vc_section-has-fill\"><div class=\"vc_row wpb_row vc_row-fluid\"><div class=\"wpb_column vc_column_container vc_col-sm-6\"><div class=\"vc_column-inner\"><div class=\"wpb_wrapper\"><h1 style=\"color: #ffffff;text-align: left;font-family:Montserrat;font-weight:400;font-style:normal\" class=\"vc_custom_heading\" >Tuna Tours<\/h1><\/div><\/div><\/div><div class=\"wpb_column vc_column_container vc_col-sm-6\"><div class=\"vc_column-inner\"><div class=\"wpb_wrapper\"><\/div><\/div><\/div><\/div><\/section><div class=\"vc_row-full-width vc_clearfix\"><\/div><div data-vc-full-width=\"true\" data-vc-full-width-init=\"false\" class=\"vc_row wpb_row vc_row-fluid vc_custom_1683806386676\"><div class=\"wpb_column vc_column_container vc_col-sm-6\"><div class=\"vc_column-inner\"><div class=\"wpb_wrapper\"><h1 style=\"font-size: 26px;text-align: left;font-family:Montserrat;font-weight:400;font-style:normal\" class=\"vc_custom_heading vc_custom_1720526019098\" >Embark on the Ultimate Tuna Fishing Adventure with BESTYACHTS at Teos Marina<\/h1>\n\t<div class=\"wpb_text_column wpb_content_element\" >\n\t\t<div class=\"wpb_wrapper\">\n\t\t\t<p><strong><em>Dive into the adventure. Discover the thrill. Experience tuna fishing at its finest.<\/em><\/strong><\/p>\n<p>Experience the thrill of the open sea as you embark on a tuna fishing expedition like no other. S\u0131\u011fac\u0131k, Seferihisar is one of the most important places onthe World to experience it! Imagine the salty breeze in your hair, the sun warming your face, and the anticipation as you cast your line into the deep blue waters. Whether you&#8217;re a seasoned angler or a first-time adventurer, tuna fishing promises an exhilarating journey filled with excitement and unforgettable memories.<\/p>\n\n\t\t<\/div>\n\t<\/div>\n<h2 style=\"font-size: 32px;text-align: left;font-family:Abril Fatface;font-weight:400;font-style:normal\" class=\"vc_custom_heading\" >Why Choose Tuna Fishing?<\/h2>\n\t<div class=\"wpb_text_column wpb_content_element\" >\n\t\t<div class=\"wpb_wrapper\">\n\t\t\t<p class=\"s3\"><span class=\"s5\">Tuna fishing isn&#8217;t just about catching fish\u2014it&#8217;s about immersing yourself in nature&#8217;s playground and testing your skills against some of the <\/span><span class=\"s5\">Egean Sea<\/span><span class=\"s5\">&#8216;s most powerful creatures. Picture the moment when a mighty tuna takes your bait, the adrenaline rush as you reel it in, and the sense of accomplishment as you triumph over the challenge<\/span><\/p>\n\n\t\t<\/div>\n\t<\/div>\n<\/div><\/div><\/div><div class=\"wpb_column vc_column_container vc_col-sm-6\"><div class=\"vc_column-inner\"><div class=\"wpb_wrapper\">\n\t<div class=\"wpb_single_image wpb_content_element vc_align_left  vc_custom_1720526172406\">\n\t\t<div class=\"wpb_wrapper\">\n\t\t\t\n\t\t\t<div class=\"vc_single_image-wrapper   vc_box_border_grey\"><img loading=\"lazy\" decoding=\"async\" width=\"540\" height=\"482\" src=\"https:\/\/bestyachts.net\/wp-content\/uploads\/2024\/07\/tun1.jpg\" class=\"vc_single_image-img attachment-full\" alt=\"\" title=\"tun1\" srcset=\"https:\/\/bestyachts.net\/wp-content\/uploads\/2024\/07\/tun1.jpg 540w, https:\/\/bestyachts.net\/wp-content\/uploads\/2024\/07\/tun1-300x268.jpg 300w, https:\/\/bestyachts.net\/wp-content\/uploads\/2024\/07\/tun1-13x12.jpg 13w\" sizes=\"auto, (max-width: 540px) 100vw, 540px\" \/><\/div>\n\t\t<\/div>\n\t<\/div>\n<\/div><\/div><\/div><\/div><div class=\"vc_row-full-width\"><\/div><div data-vc-full-width=\"true\" data-vc-full-width-init=\"false\" class=\"vc_row wpb_row vc_row-fluid vc_custom_1683806386676\"><div class=\"wpb_column vc_column_container vc_col-sm-6\"><div class=\"vc_column-inner\"><div class=\"wpb_wrapper\"><h2 style=\"font-size: 32px;text-align: left;font-family:Abril Fatface;font-weight:400;font-style:normal\" class=\"vc_custom_heading\" >What to Expect<\/h2>\n\t<div class=\"wpb_text_column wpb_content_element\" >\n\t\t<div class=\"wpb_wrapper\">\n\t\t\t<p class=\"s3\"><span class=\"s5\">On our expertly guided tours, you&#8217;ll learn from seasoned captains and crew who know these waters like the backs of their hands. They&#8217;ll take you to prime fishing grounds where tuna thrive, maximizing your chances of a successful catch. Whether it&#8217;s the Yellowfin, Bluefin, or Bigeye tuna you&#8217;re after, each encounter is a testament to the ocean&#8217;s abundance and the thrill of the chase.<\/span><span class=\"s5\"> Enjoy <\/span><span class=\"s5\">yourself \u00a0with<\/span><span class=\"s5\"> the drinks and the food <\/span><span class=\"s5\">our team prepared for you on the boat!<\/span><\/p>\n\n\t\t<\/div>\n\t<\/div>\n<\/div><\/div><\/div><div class=\"wpb_column vc_column_container vc_col-sm-6\"><div class=\"vc_column-inner\"><div class=\"wpb_wrapper\">\n\t<div class=\"wpb_single_image wpb_content_element vc_align_left\">\n\t\t<div class=\"wpb_wrapper\">\n\t\t\t\n\t\t\t<div class=\"vc_single_image-wrapper   vc_box_border_grey\"><img loading=\"lazy\" decoding=\"async\" width=\"540\" height=\"240\" src=\"https:\/\/bestyachts.net\/wp-content\/uploads\/2024\/07\/tun2.jpg\" class=\"vc_single_image-img attachment-full\" alt=\"\" title=\"tun2\" srcset=\"https:\/\/bestyachts.net\/wp-content\/uploads\/2024\/07\/tun2.jpg 540w, https:\/\/bestyachts.net\/wp-content\/uploads\/2024\/07\/tun2-300x133.jpg 300w, https:\/\/bestyachts.net\/wp-content\/uploads\/2024\/07\/tun2-18x8.jpg 18w\" sizes=\"auto, (max-width: 540px) 100vw, 540px\" \/><\/div>\n\t\t<\/div>\n\t<\/div>\n<\/div><\/div><\/div><\/div><div class=\"vc_row-full-width\"><\/div><div data-vc-full-width=\"true\" data-vc-full-width-init=\"false\" class=\"vc_row wpb_row vc_row-fluid vc_custom_1720527382938\"><div class=\"wpb_column vc_column_container vc_col-sm-6\"><div class=\"vc_column-inner\"><div class=\"wpb_wrapper\">\n\t<div class=\"wpb_single_image wpb_content_element vc_align_left\">\n\t\t<div class=\"wpb_wrapper\">\n\t\t\t\n\t\t\t<div class=\"vc_single_image-wrapper   vc_box_border_grey\"><img loading=\"lazy\" decoding=\"async\" width=\"1084\" height=\"794\" src=\"https:\/\/bestyachts.net\/wp-content\/uploads\/2024\/07\/tun3.jpg\" class=\"vc_single_image-img attachment-full\" alt=\"\" title=\"tun3\" srcset=\"https:\/\/bestyachts.net\/wp-content\/uploads\/2024\/07\/tun3.jpg 1084w, https:\/\/bestyachts.net\/wp-content\/uploads\/2024\/07\/tun3-300x220.jpg 300w, https:\/\/bestyachts.net\/wp-content\/uploads\/2024\/07\/tun3-1024x750.jpg 1024w, https:\/\/bestyachts.net\/wp-content\/uploads\/2024\/07\/tun3-768x563.jpg 768w, https:\/\/bestyachts.net\/wp-content\/uploads\/2024\/07\/tun3-16x12.jpg 16w, https:\/\/bestyachts.net\/wp-content\/uploads\/2024\/07\/tun3-350x255.jpg 350w\" sizes=\"auto, (max-width: 1084px) 100vw, 1084px\" \/><\/div>\n\t\t<\/div>\n\t<\/div>\n<\/div><\/div><\/div><div class=\"wpb_column vc_column_container vc_col-sm-6\"><div class=\"vc_column-inner\"><div class=\"wpb_wrapper\"><h2 style=\"font-size: 26px;text-align: left;font-family:Abril Fatface;font-weight:400;font-style:normal\" class=\"vc_custom_heading\" >The Adventure Begins<\/h2>\n\t<div class=\"wpb_text_column wpb_content_element\" >\n\t\t<div class=\"wpb_wrapper\">\n\t\t\t<p>Join us aboard our state-of-the-art fishing vessels equipped with top-tier gear and technology, ensuring a safe and productive outing. Feel the rush of adrenaline as you battle with these giants of the sea, each catch a story to share with fellow adventurers.<\/p>\n<p><strong>Beyond Fishing<\/strong><\/p>\n<p>But tuna fishing isn&#8217;t just about the catch\u2014it&#8217;s about forging connections and creating lasting memories. Share laughs with friends, enjoy breathtaking ocean views, and savor the satisfaction of a day well spent on the water.<\/p>\n\n\t\t<\/div>\n\t<\/div>\n<\/div><\/div><\/div><\/div><div class=\"vc_row-full-width\"><\/div><div data-vc-full-width=\"true\" data-vc-full-width-init=\"false\" class=\"vc_row wpb_row vc_row-fluid vc_custom_1720527377374\"><div class=\"wpb_column vc_column_container vc_col-sm-12\"><div class=\"vc_column-inner\"><div class=\"wpb_wrapper\"><h2 style=\"font-size: 32px;text-align: left;font-family:Abril Fatface;font-weight:400;font-style:normal\" class=\"vc_custom_heading\" >Book Your Adventure Today<\/h2>\n\t<div class=\"wpb_text_column wpb_content_element\" >\n\t\t<div class=\"wpb_wrapper\">\n\t\t\t<p>Whether you&#8217;re seeking a solo adventure or planning a group outing, tuna fishing offers an unparalleled experience for all. Come aboard and discover the thrill of the hunt, the joy of the catch, and the camaraderie of the sea. Book your tuna fishing adventure today and embark on a journey you&#8217;ll never forget.<\/p>\n\n\t\t<\/div>\n\t<\/div>\n<\/div><\/div><\/div><\/div><div class=\"vc_row-full-width\"><\/div>\n<\/section>","protected":false},"excerpt":{"rendered":"Tuna ToursEmbark on the Ultimate Tuna Fishing Adventure with BESTYACHTS at Teos Marina Dive into the adventure. Discover the thrill. Experience tuna fishing at its finest. Experience the thrill of the open sea as you embark on a tuna fishing expedition like no other. S\u0131\u011fac\u0131k, Seferihisar is one of the most important places onthe World...","protected":false},"author":1,"featured_media":0,"parent":546,"menu_order":0,"comment_status":"closed","ping_status":"closed","template":"","meta":{"footnotes":"","_links_to":"","_links_to_target":""},"class_list":["post-7564","page","type-page","status-publish","hentry"],"acf":[],"_links":{"self":[{"href":"https:\/\/bestyachts.net\/tr\/wp-json\/wp\/v2\/pages\/7564","targetHints":{"allow":["GET"]}}],"collection":[{"href":"https:\/\/bestyachts.net\/tr\/wp-json\/wp\/v2\/pages"}],"about":[{"href":"https:\/\/bestyachts.net\/tr\/wp-json\/wp\/v2\/types\/page"}],"author":[{"embeddable":true,"href":"https:\/\/bestyachts.net\/tr\/wp-json\/wp\/v2\/users\/1"}],"replies":[{"embeddable":true,"href":"https:\/\/bestyachts.net\/tr\/wp-json\/wp\/v2\/comments?post=7564"}],"version-history":[{"count":13,"href":"https:\/\/bestyachts.net\/tr\/wp-json\/wp\/v2\/pages\/7564\/revisions"}],"predecessor-version":[{"id":7584,"href":"https:\/\/bestyachts.net\/tr\/wp-json\/wp\/v2\/pages\/7564\/revisions\/7584"}],"up":[{"embeddable":true,"href":"https:\/\/bestyachts.net\/tr\/wp-json\/wp\/v2\/pages\/546"}],"wp:attachment":[{"href":"https:\/\/bestyachts.net\/tr\/wp-json\/wp\/v2\/media?parent=7564"}],"curies":[{"name":"wp","href":"https:\/\/api.w.org\/{rel}","templated":true}]}}