{"id":7822,"date":"2024-08-13T07:16:11","date_gmt":"2024-08-13T07:16:11","guid":{"rendered":"https:\/\/bestyachts.net\/?page_id=7822"},"modified":"2026-02-19T16:14:02","modified_gmt":"2026-02-19T16:14:02","slug":"yacht-management","status":"publish","type":"page","link":"https:\/\/bestyachts.net\/tr\/service\/yacht-management\/","title":{"rendered":"Yat Y\u00f6netimi"},"content":{"rendered":"<section class=\"wpb-content-wrapper\"><section data-vc-full-width=\"true\" data-vc-full-width-init=\"false\" class=\"vc_section vc_custom_1699948445367 vc_section-has-fill\"><div class=\"vc_row wpb_row vc_row-fluid\"><div class=\"wpb_column vc_column_container vc_col-sm-6\"><div class=\"vc_column-inner\"><div class=\"wpb_wrapper\"><h1 style=\"color: #ffffff;text-align: left;font-family:Montserrat;font-weight:400;font-style:normal\" class=\"vc_custom_heading\" >Yacht Management Services<\/h1><\/div><\/div><\/div><div class=\"wpb_column vc_column_container vc_col-sm-6\"><div class=\"vc_column-inner\"><div class=\"wpb_wrapper\"><\/div><\/div><\/div><\/div><\/section><div class=\"vc_row-full-width vc_clearfix\"><\/div><div data-vc-full-width=\"true\" data-vc-full-width-init=\"false\" class=\"vc_row wpb_row vc_row-fluid vc_custom_1723453051597\"><div class=\"wpb_column vc_column_container vc_col-sm-6\"><div class=\"vc_column-inner\"><div class=\"wpb_wrapper\"><div class=\"vc_empty_space\"   style=\"height: 50px\"><span class=\"vc_empty_space_inner\"><\/span><\/div><h2 style=\"font-size: 35px;color: #992029;text-align: left;font-family:Montserrat;font-weight:400;font-style:normal\" class=\"vc_custom_heading vc_custom_1745712620247\" >Super Yacht Management - You Enjoy We Manage<\/h2>\n\t<div class=\"wpb_text_column wpb_content_element\" >\n\t\t<div class=\"wpb_wrapper\">\n\t\t\t<div class=\"page\" title=\"Page 2\">\n<div class=\"layoutArea\">\n<div class=\"column\">\n<p>Discover the pinnacle of luxury and efficiency with our comprehensive<span style=\"color: #ff9900;\"> <a style=\"color: #ff9900;\" href=\"https:\/\/bestyachts.net\/tr\/service\/yacht-management\/\">super yacht management services<\/a>.<\/span> We specialize in overseeing every aspect of your yacht&#8217;s operations, from meticulous maintenance and crew management to itinerary planning and regulatory compliance. Our team of seasoned professionals ensures seamless operations, allowing you to enjoy comfort and peace of mind while cruising the world&#8217;s most breathtaking waters. Whether you seek impeccable maintenance standards, bespoke itinerary planning or exemplary <span style=\"color: #ff9900;\"><a style=\"color: #ff9900;\" href=\"https:\/\/bestyachts.net\/tr\/service\/crew-management\/\">crew management<\/a>,<\/span> our tailored solutions cater to your every need. Experience the epitome of superyacht management with Best Yachts Co., where excellence meets effortless luxury on every voyage.<\/p>\n<\/div>\n<\/div>\n<\/div>\n\n\t\t<\/div>\n\t<\/div>\n<\/div><\/div><\/div><div class=\"wpb_column vc_column_container vc_col-sm-6\"><div class=\"vc_column-inner\"><div class=\"wpb_wrapper\">\n\t<div class=\"wpb_single_image wpb_content_element vc_align_left\">\n\t\t<div class=\"wpb_wrapper\">\n\t\t\t\n\t\t\t<div class=\"vc_single_image-wrapper   vc_box_border_grey\"><img loading=\"lazy\" decoding=\"async\" width=\"996\" height=\"664\" src=\"https:\/\/bestyachts.net\/wp-content\/uploads\/2025\/04\/Yacht-Management-Services-Best-Yachts.jpg\" class=\"vc_single_image-img attachment-full\" alt=\"Yacht Management Services\" title=\"Yacht Management Services - Best Yachts\" srcset=\"https:\/\/bestyachts.net\/wp-content\/uploads\/2025\/04\/Yacht-Management-Services-Best-Yachts.jpg 996w, https:\/\/bestyachts.net\/wp-content\/uploads\/2025\/04\/Yacht-Management-Services-Best-Yachts-300x200.jpg 300w, https:\/\/bestyachts.net\/wp-content\/uploads\/2025\/04\/Yacht-Management-Services-Best-Yachts-768x512.jpg 768w, https:\/\/bestyachts.net\/wp-content\/uploads\/2025\/04\/Yacht-Management-Services-Best-Yachts-18x12.jpg 18w, https:\/\/bestyachts.net\/wp-content\/uploads\/2025\/04\/Yacht-Management-Services-Best-Yachts-100x68.jpg 100w, https:\/\/bestyachts.net\/wp-content\/uploads\/2025\/04\/Yacht-Management-Services-Best-Yachts-266x177.jpg 266w\" sizes=\"auto, (max-width: 996px) 100vw, 996px\" \/><\/div>\n\t\t<\/div>\n\t<\/div>\n<\/div><\/div><\/div><\/div><div class=\"vc_row-full-width\"><\/div><div data-vc-full-width=\"true\" data-vc-full-width-init=\"false\" class=\"vc_row wpb_row vc_row-fluid vc_custom_1723453271779\"><div class=\"wpb_column vc_column_container vc_col-sm-6\"><div class=\"vc_column-inner\"><div class=\"wpb_wrapper\">\n\t<div class=\"wpb_single_image wpb_content_element vc_align_left\">\n\t\t<div class=\"wpb_wrapper\">\n\t\t\t\n\t\t\t<div class=\"vc_single_image-wrapper   vc_box_border_grey\"><img loading=\"lazy\" decoding=\"async\" width=\"1280\" height=\"720\" src=\"https:\/\/bestyachts.net\/wp-content\/uploads\/2025\/02\/happy-mee8.jpg\" class=\"vc_single_image-img attachment-full\" alt=\"superyacht management services\" title=\"superyacht management services\" srcset=\"https:\/\/bestyachts.net\/wp-content\/uploads\/2025\/02\/happy-mee8.jpg 1280w, https:\/\/bestyachts.net\/wp-content\/uploads\/2025\/02\/happy-mee8-300x169.jpg 300w, https:\/\/bestyachts.net\/wp-content\/uploads\/2025\/02\/happy-mee8-1024x576.jpg 1024w, https:\/\/bestyachts.net\/wp-content\/uploads\/2025\/02\/happy-mee8-768x432.jpg 768w, https:\/\/bestyachts.net\/wp-content\/uploads\/2025\/02\/happy-mee8-18x10.jpg 18w, https:\/\/bestyachts.net\/wp-content\/uploads\/2025\/02\/happy-mee8-398x223.jpg 398w, https:\/\/bestyachts.net\/wp-content\/uploads\/2025\/02\/happy-mee8-472x265.jpg 472w\" sizes=\"auto, (max-width: 1280px) 100vw, 1280px\" \/><\/div>\n\t\t<\/div>\n\t<\/div>\n\n\t<div class=\"wpb_single_image wpb_content_element vc_align_left\">\n\t\t<div class=\"wpb_wrapper\">\n\t\t\t\n\t\t\t<div class=\"vc_single_image-wrapper   vc_box_border_grey\"><img loading=\"lazy\" decoding=\"async\" width=\"1280\" height=\"720\" src=\"https:\/\/bestyachts.net\/wp-content\/uploads\/2025\/02\/happy-mee26.jpg\" class=\"vc_single_image-img attachment-full\" alt=\"yacht management company\" title=\"yacht management company\" srcset=\"https:\/\/bestyachts.net\/wp-content\/uploads\/2025\/02\/happy-mee26.jpg 1280w, https:\/\/bestyachts.net\/wp-content\/uploads\/2025\/02\/happy-mee26-300x169.jpg 300w, https:\/\/bestyachts.net\/wp-content\/uploads\/2025\/02\/happy-mee26-1024x576.jpg 1024w, https:\/\/bestyachts.net\/wp-content\/uploads\/2025\/02\/happy-mee26-768x432.jpg 768w, https:\/\/bestyachts.net\/wp-content\/uploads\/2025\/02\/happy-mee26-18x10.jpg 18w, https:\/\/bestyachts.net\/wp-content\/uploads\/2025\/02\/happy-mee26-398x223.jpg 398w, https:\/\/bestyachts.net\/wp-content\/uploads\/2025\/02\/happy-mee26-472x265.jpg 472w\" sizes=\"auto, (max-width: 1280px) 100vw, 1280px\" \/><\/div>\n\t\t<\/div>\n\t<\/div>\n<\/div><\/div><\/div><div class=\"wpb_column vc_column_container vc_col-sm-6\"><div class=\"vc_column-inner\"><div class=\"wpb_wrapper\"><div class=\"vc_empty_space\"   style=\"height: 50px\"><span class=\"vc_empty_space_inner\"><\/span><\/div><h2 style=\"font-size: 35px;color: #992029;text-align: left;font-family:Montserrat;font-weight:400;font-style:normal\" class=\"vc_custom_heading vc_custom_1745712215301\" >What is Yachts Management at Best Yachts Company?<\/h2>\n\t<div class=\"wpb_text_column wpb_content_element\" >\n\t\t<div class=\"wpb_wrapper\">\n\t\t\t<div class=\"page\" title=\"Page 2\">\n<div class=\"layoutArea\">\n<div class=\"column\">\n<div class=\"page\" title=\"Page 2\">\n<div class=\"layoutArea\">\n<div class=\"column\">\n<p>Our yacht management services program offers a comprehensive solution designed to optimize both operational efficiency and cost-effectiveness for yacht owners. By enrolling in our program, yacht owners can expect to reduce annual expenses by up to 20%, achieved through meticulous budgeting, streamlined maintenance schedules, and strategic procurement practices. Beyond financial savings, our services mitigate risks and lessen the administrative burdens typically associated with yacht ownership. We handle regulatory compliance and crew management and ensure adherence to the highest standards of safety and maintenance, thereby allowing yacht owners to enjoy their vessels worry-free. Embrace a new standard of yacht ownership with our management program, where financial prudence and operational excellence converge to enhance your yachting experience.<\/p>\n<p>Every yacht has its own needs. Experience the excellence in yacht management with our comprehensive service that meticulously covers every stage of your yachting journey. Discover personalized yacht management with our Designated Person Ashore (DPA) service, tailored to elevate your yachting experience to unprecedented levels of convenience and safety. Serving as your dedicated onshore representative, our DPA ensures seamless communication and oversight between you, the crew, and regulatory authorities 7\/24. With a wealth of maritime expertise, our DPA oversees vessel operations, navigational safety, and regulatory compliance with meticulous attention to detail. This crucial role guarantees that your yacht operates at optimal efficiency while adhering to the highest standards of safety and maritime protocols.<\/p>\n<p>Discover the difference with our Designated Person Ashore service, where expertise and dedication converge to redefine yacht management excellence.<\/p>\n<\/div>\n<\/div>\n<\/div>\n<\/div>\n<\/div>\n<\/div>\n\n\t\t<\/div>\n\t<\/div>\n<\/div><\/div><\/div><\/div><div class=\"vc_row-full-width\"><\/div><div data-vc-full-width=\"true\" data-vc-full-width-init=\"false\" data-vc-stretch-content=\"true\" class=\"vc_row wpb_row vc_row-fluid\"><div class=\"wpb_column vc_column_container vc_col-sm-12\"><div class=\"vc_column-inner\"><div class=\"wpb_wrapper\">\t\t\r\n\t\t\t<div class=\"mega-timeline-title\"><span style=\"font-size: 15px; color: #dd3333;background:;\">\r\n\t\t\t\t\t\t\t<\/span><\/div>\r\n\t\t\t<div id=\"cd-timeline\" class=\"cd-container\">\r\n\t\t\t\t<span class=\"timeline-line\" style=\"width: 1px; background: ;\"><\/span>\r\n\t\t\t\t<span><\/span>\r\n\t\t\t\t\t\t\r\n\t\t<div class=\"cd-timeline-block\">\r\n\t\t\t\r\n\t\t\t\t\t\t\t<div class=\"cd-timeline-img cd-timeline-dot cd-picture\" style=\"background: #992029; border-radius: 50%;\">\r\n\t\t\t\t<\/div>\t\r\n\t\t\t\r\n\t\t\t<div class=\"cd-timeline-content\">\r\n\t\t\t\t<span class=\"timeline-arrow\" style=\"border-right-color: \"><\/span>\r\n\t\t\t\t<span class=\"timeline-arrow\" style=\"border-left-color: \"><\/span>\r\n\t\t\t\t<span class=\"timeline-arrow\" style=\"border-right: 7px solid ;\"><\/span>\r\n\r\n\t\t\t\t<h2 style=\"background: ; color: #992029; font-size: px; text-align: left; padding: 0px 15px;\">\r\n\t\t\t\t\t1.Planning\t\t\t\t<\/h2>\r\n\t\t\t\t\t\t\t\t<div class=\"cd-timeline-content-area\" style=\"padding: 0 10px; display: block;\">\r\n\t\t\t\t\t<div class=\"page\" title=\"Page 3\">\n<div class=\"layoutArea\">\n<div class=\"column\">\n<p>Our team starts by meticulously planning every detail of your yacht&#8217;s operations, from strategic maintenance schedules to personalized design tailored to your preferences.<\/p>\n<\/div>\n<\/div>\n<\/div>\n<p>&nbsp;<\/p>\n\t\t\t\t<\/div>\r\n\t\t\t\t<span class=\"cd-date\" style=\"color: ; font-size: px;\">\r\n\t\t\t\t\t\t\t\t\t<\/span>\r\n\t\t\t<\/div>\r\n\t\t<\/div>\r\n\r\n\t\t\t\t\r\n\t\t<div class=\"cd-timeline-block\">\r\n\t\t\t\r\n\t\t\t\t\t\t\t<div class=\"cd-timeline-img cd-timeline-dot cd-picture\" style=\"background: #992029; border-radius: 50%;\">\r\n\t\t\t\t<\/div>\t\r\n\t\t\t\r\n\t\t\t<div class=\"cd-timeline-content\">\r\n\t\t\t\t<span class=\"timeline-arrow\" style=\"border-right-color: \"><\/span>\r\n\t\t\t\t<span class=\"timeline-arrow\" style=\"border-left-color: \"><\/span>\r\n\t\t\t\t<span class=\"timeline-arrow\" style=\"border-right: 7px solid ;\"><\/span>\r\n\r\n\t\t\t\t<h2 style=\"background: ; color: #992029; font-size: px; text-align: left; padding: 10px 15px;\">\r\n\t\t\t\t\t2.Organizing\t\t\t\t<\/h2>\r\n\t\t\t\t\t\t\t\t<div class=\"cd-timeline-content-area\" style=\"padding: 0 10px; display: block;\">\r\n\t\t\t\t\t<div class=\"page\" title=\"Page 3\">\n<div class=\"layoutArea\">\n<div class=\"column\">\n<p>We coordinate all aspects of yacht management, ensuring efficient crew allocation, procurement of supplies, and adherence to regulatory standards, all while optimizing operational costs.<\/p>\n<\/div>\n<\/div>\n<\/div>\n\t\t\t\t<\/div>\r\n\t\t\t\t<span class=\"cd-date\" style=\"color: ; font-size: px;\">\r\n\t\t\t\t\t\t\t\t\t<\/span>\r\n\t\t\t<\/div>\r\n\t\t<\/div>\r\n\r\n\t\t\t\t\r\n\t\t<div class=\"cd-timeline-block\">\r\n\t\t\t\r\n\t\t\t\t\t\t\t<div class=\"cd-timeline-img cd-timeline-dot cd-picture\" style=\"background: #992029; border-radius: 50%;\">\r\n\t\t\t\t<\/div>\t\r\n\t\t\t\r\n\t\t\t<div class=\"cd-timeline-content\">\r\n\t\t\t\t<span class=\"timeline-arrow\" style=\"border-right-color: \"><\/span>\r\n\t\t\t\t<span class=\"timeline-arrow\" style=\"border-left-color: \"><\/span>\r\n\t\t\t\t<span class=\"timeline-arrow\" style=\"border-right: 7px solid ;\"><\/span>\r\n\r\n\t\t\t\t<h2 style=\"background: ; color: #992029; font-size: px; text-align: left; padding: 10px 15px;\">\r\n\t\t\t\t\t3. Leading\t\t\t\t<\/h2>\r\n\t\t\t\t\t\t\t\t<div class=\"cd-timeline-content-area\" style=\"padding: 0 10px; display: block;\">\r\n\t\t\t\t\t<div class=\"page\" title=\"Page 3\">\n<div class=\"layoutArea\">\n<div class=\"column\">\n<p>We provide visionary leadership to guide your yacht towards peak performance and ensure the highest standards of safety and luxury for you and your guests.<\/p>\n<\/div>\n<\/div>\n<\/div>\n\t\t\t\t<\/div>\r\n\t\t\t\t<span class=\"cd-date\" style=\"color: ; font-size: px;\">\r\n\t\t\t\t\t\t\t\t\t<\/span>\r\n\t\t\t<\/div>\r\n\t\t<\/div>\r\n\r\n\t\t\t\t\r\n\t\t<div class=\"cd-timeline-block\">\r\n\t\t\t\r\n\t\t\t\t\t\t\t<div class=\"cd-timeline-img cd-timeline-dot cd-picture\" style=\"background: #992029; border-radius: 50%;\">\r\n\t\t\t\t<\/div>\t\r\n\t\t\t\r\n\t\t\t<div class=\"cd-timeline-content\">\r\n\t\t\t\t<span class=\"timeline-arrow\" style=\"border-right-color: \"><\/span>\r\n\t\t\t\t<span class=\"timeline-arrow\" style=\"border-left-color: \"><\/span>\r\n\t\t\t\t<span class=\"timeline-arrow\" style=\"border-right: 7px solid ;\"><\/span>\r\n\r\n\t\t\t\t<h2 style=\"background: ; color: #992029; font-size: px; text-align: left; padding: 10px 15px;\">\r\n\t\t\t\t\t4. Controlling\t\t\t\t<\/h2>\r\n\t\t\t\t\t\t\t\t<div class=\"cd-timeline-content-area\" style=\"padding: 0 10px; display: block;\">\r\n\t\t\t\t\t<div class=\"page\" title=\"Page 3\">\n<div class=\"layoutArea\">\n<div class=\"column\">\n<p>Through our foresight and real-time monitoring, we maintain strict control over budgets, maintenance protocols, and operational timelines, guaranteeing that your yacht operates flawlessly at all times.<\/p>\n<\/div>\n<\/div>\n<\/div>\n\t\t\t\t<\/div>\r\n\t\t\t\t<span class=\"cd-date\" style=\"color: ; font-size: px;\">\r\n\t\t\t\t\t\t\t\t\t<\/span>\r\n\t\t\t<\/div>\r\n\t\t<\/div>\r\n\r\n\t\t\t\t\r\n\t\t<div class=\"cd-timeline-block\">\r\n\t\t\t\r\n\t\t\t\t\t\t\t<div class=\"cd-timeline-img cd-timeline-dot cd-picture\" style=\"background: #992029; border-radius: 50%;\">\r\n\t\t\t\t<\/div>\t\r\n\t\t\t\r\n\t\t\t<div class=\"cd-timeline-content\">\r\n\t\t\t\t<span class=\"timeline-arrow\" style=\"border-right-color: \"><\/span>\r\n\t\t\t\t<span class=\"timeline-arrow\" style=\"border-left-color: \"><\/span>\r\n\t\t\t\t<span class=\"timeline-arrow\" style=\"border-right: 7px solid ;\"><\/span>\r\n\r\n\t\t\t\t<h2 style=\"background: ; color: #992029; font-size: px; text-align: left; padding: 10px 15px;\">\r\n\t\t\t\t\t5. Commisioning\t\t\t\t<\/h2>\r\n\t\t\t\t\t\t\t\t<div class=\"cd-timeline-content-area\" style=\"padding: 0 10px; display: block;\">\r\n\t\t\t\t\t<div class=\"page\" title=\"Page 3\">\n<div class=\"layoutArea\">\n<div class=\"column\">\n<p>We meticulously oversee every facet of your superyacht&#8217;s commissioning process, ensuring a seamless transition from concept to voyage-ready marvel. Our team of experts handles everything from technical inspections and custom outfitting to compliance with international regulations and crew training. With a commitment to precision and unparalleled service, we guarantee that your yacht will be delivered to the highest standards of excellence, ready to provide unparalleled luxury and performance on the high seas.<\/p>\n<\/div>\n<\/div>\n<\/div>\n\t\t\t\t<\/div>\r\n\t\t\t\t<span class=\"cd-date\" style=\"color: ; font-size: px;\">\r\n\t\t\t\t\t\t\t\t\t<\/span>\r\n\t\t\t<\/div>\r\n\t\t<\/div>\n\t\t\t<\/div>\r\n\r\n\t\t<\/div><\/div><\/div><\/div><div class=\"vc_row-full-width\"><\/div><div class=\"vc_row wpb_row vc_row-fluid vc_custom_1723488358653\"><div class=\"wpb_column vc_column_container vc_col-sm-12\"><div class=\"vc_column-inner\"><div class=\"wpb_wrapper\"><h2 style=\"font-size: 30px;color: #992029;text-align: center;font-family:Montserrat;font-weight:400;font-style:normal\" class=\"vc_custom_heading vc_custom_1723488382144\" >Trust us to turn your vision into reality, so you can set sail with confidence and enjoy the ultimate nautical adventure.<\/h2><\/div><\/div><\/div><\/div><div data-vc-full-width=\"true\" data-vc-full-width-init=\"false\" class=\"vc_row wpb_row vc_row-fluid\"><div class=\"wpb_column vc_column_container vc_col-sm-6\"><div class=\"vc_column-inner\"><div class=\"wpb_wrapper\"><h2 style=\"font-size: 35px;color: #992029;text-align: left;font-family:Montserrat;font-weight:400;font-style:normal\" class=\"vc_custom_heading vc_custom_1745712424454\" >Modular Base or 360 Degree Yacht Management<\/h2>\n\t<div class=\"wpb_text_column wpb_content_element\" >\n\t\t<div class=\"wpb_wrapper\">\n\t\t\t<div class=\"page\" title=\"Page 2\">\n<div class=\"layoutArea\">\n<div class=\"column\">\n<div class=\"page\" title=\"Page 3\">\n<div class=\"layoutArea\">\n<div class=\"column\">\n<p>At <span style=\"color: #ff6600;\"><a style=\"color: #ff6600;\" href=\"https:\/\/bestyachts.net\/tr\/\">En \u0130yi Yatlar<\/a> <\/span>Company, we understand that every yacht owner has unique requirements. That&#8217;s why we offer the flexibility to tailor our management services to your exact specifications. Whether you opt for Modular Base or 360 Degree management we offer you, rest assured that your yacht will receive the highest standards of care and professionalism with seperated reports for each modular service.<\/p>\n<p>With <strong>Modular Base Yacht Management<\/strong>, you have the flexibility to choose specific services that align with your priorities. Whether it&#8217;s maintenance planning, crew management, or regulatory compliance, our modular approach allows you to customize your yacht&#8217;s management to suit your preferences and budget.<\/p>\n<p>For those seeking a more comprehensive approach, our <strong>360 Degree Yacht Management<\/strong> provides an all-encompassing solution. From meticulous planning and organizing every detail of your yacht&#8217;s operations to leading with expert guidance and controlling all aspects of maintenance and service, this option ensures your yacht operates at peak efficiency and luxury at all times with monthly \/ annual reporting for the whole services in one file prepared for you.<\/p>\n<\/div>\n<\/div>\n<\/div>\n<\/div>\n<\/div>\n<\/div>\n\n\t\t<\/div>\n\t<\/div>\n<\/div><\/div><\/div><div class=\"wpb_column vc_column_container vc_col-sm-6\"><div class=\"vc_column-inner\"><div class=\"wpb_wrapper\"><div class=\"vc_empty_space\"   style=\"height: 50px\"><span class=\"vc_empty_space_inner\"><\/span><\/div>\n\t<div class=\"wpb_single_image wpb_content_element vc_align_left\">\n\t\t<div class=\"wpb_wrapper\">\n\t\t\t\n\t\t\t<div class=\"vc_single_image-wrapper   vc_box_border_grey\"><img loading=\"lazy\" decoding=\"async\" width=\"1280\" height=\"720\" src=\"https:\/\/bestyachts.net\/wp-content\/uploads\/2025\/02\/happy-mee28.jpg\" class=\"vc_single_image-img attachment-full\" alt=\"Modular Base or 360 Degree Yacht Management\" title=\"Modular Base or 360 Degree Yacht Management\" srcset=\"https:\/\/bestyachts.net\/wp-content\/uploads\/2025\/02\/happy-mee28.jpg 1280w, https:\/\/bestyachts.net\/wp-content\/uploads\/2025\/02\/happy-mee28-300x169.jpg 300w, https:\/\/bestyachts.net\/wp-content\/uploads\/2025\/02\/happy-mee28-1024x576.jpg 1024w, https:\/\/bestyachts.net\/wp-content\/uploads\/2025\/02\/happy-mee28-768x432.jpg 768w, https:\/\/bestyachts.net\/wp-content\/uploads\/2025\/02\/happy-mee28-18x10.jpg 18w, https:\/\/bestyachts.net\/wp-content\/uploads\/2025\/02\/happy-mee28-398x223.jpg 398w, https:\/\/bestyachts.net\/wp-content\/uploads\/2025\/02\/happy-mee28-472x265.jpg 472w, https:\/\/bestyachts.net\/wp-content\/uploads\/2025\/02\/happy-mee28-266x150.jpg 266w, https:\/\/bestyachts.net\/wp-content\/uploads\/2025\/02\/happy-mee28-600x338.jpg 600w\" sizes=\"auto, (max-width: 1280px) 100vw, 1280px\" \/><\/div>\n\t\t<\/div>\n\t<\/div>\n<\/div><\/div><\/div><\/div><div class=\"vc_row-full-width\"><\/div>\n<p>&nbsp;<\/p>\n<div data-vc-full-width=\"true\" data-vc-full-width-init=\"false\" class=\"vc_row wpb_row vc_row-fluid vc_custom_1683899655307\"><div class=\"wpb_column vc_column_container vc_col-sm-12\"><div class=\"vc_column-inner\"><div class=\"wpb_wrapper\"><h2 style=\"color: #303030;text-align: center;font-family:Montserrat;font-weight:700;font-style:normal\" class=\"vc_custom_heading\" >Meet Our Team<\/h2><\/div><\/div><\/div><\/div><div class=\"vc_row-full-width\"><\/div><div class=\"vc_row wpb_row vc_row-fluid\"><div class=\"wpb_column vc_column_container vc_col-sm-4\"><div class=\"vc_column-inner\"><div class=\"wpb_wrapper\">\n<div class=\"stm-our-team\">\n\t\t\t<div class=\"image\">\n\t\t\t<img loading=\"lazy\" decoding=\"async\" width=\"270\" height=\"480\" src=\"https:\/\/bestyachts.net\/wp-content\/uploads\/2023\/05\/alp.jpg\" class=\"attachment-full\" alt=\"\" title=\"alp\" \/>\n\t\t\t\n\t\t<\/div>\n\t\n\t\t\t<div class=\"meta\">\n\t\t\t\t\t\t\t<div class=\"name h5 heading-font\">\n\t\t\t\t\tAlp Pamir\t\t\t\t<\/div>\n\t\t\t\t\t\t\t\t\t\t<div class=\"position\">\n\t\t\t\t\tDirekt\u00f6r Best Yachts Deniz M\u00fchendisi ve Gemi Mimar\u0131\t\t\t\t<\/div>\n\t\t\t\t\t<\/div>\n\t<\/div>\n<\/div><\/div><\/div><div class=\"wpb_column vc_column_container vc_col-sm-4\"><div class=\"vc_column-inner\"><div class=\"wpb_wrapper\">\n<div class=\"stm-our-team\">\n\t\t\t<div class=\"image\">\n\t\t\t<img loading=\"lazy\" decoding=\"async\" width=\"900\" height=\"1600\" src=\"https:\/\/bestyachts.net\/wp-content\/uploads\/2025\/12\/WhatsApp-Image-2025-12-11-at-16.15.19.jpeg\" class=\"attachment-full\" alt=\"\" title=\"WhatsApp Image 2025-12-11 at 16.15.19\" \/>\n\t\t\t\n\t\t<\/div>\n\t\n\t\t\t<div class=\"meta\">\n\t\t\t\t\t\t\t<div class=\"name h5 heading-font\">\n\t\t\t\t\tGiulia Ginepro\t\t\t\t<\/div>\n\t\t\t\t\t\t\t\t\t\t<div class=\"position\">\n\t\t\t\t\tYacht Refit and Yacht Management Executive\t\t\t\t<\/div>\n\t\t\t\t\t<\/div>\n\t<\/div>\n<\/div><\/div><\/div><div class=\"wpb_column vc_column_container vc_col-sm-4\"><div class=\"vc_column-inner\"><div class=\"wpb_wrapper\">\n<div class=\"stm-our-team\">\n\t\t\t<div class=\"image\">\n\t\t\t<img loading=\"lazy\" decoding=\"async\" width=\"270\" height=\"480\" src=\"https:\/\/bestyachts.net\/wp-content\/uploads\/2023\/05\/several.jpg\" class=\"attachment-full\" alt=\"\" title=\"several\" \/>\n\t\t\t\n\t\t<\/div>\n\t\n\t\t\t<div class=\"meta\">\n\t\t\t\t\t\t\t<div class=\"name h5 heading-font\">\n\t\t\t\t\tDi\u011fer baz\u0131 Ortaklar\t\t\t\t<\/div>\n\t\t\t\t\t\t\t\t\t\t<div class=\"position\">\n\t\t\t\t\tT\u00fcrk Yat\u00e7\u0131l\u0131k Sekt\u00f6r\u00fc\t\t\t\t<\/div>\n\t\t\t\t\t<\/div>\n\t<\/div>\n<\/div><\/div><\/div><\/div>\n<\/section>","protected":false},"excerpt":{"rendered":"<p>&nbsp;<\/p>","protected":false},"author":1,"featured_media":10031,"parent":546,"menu_order":0,"comment_status":"closed","ping_status":"closed","template":"","meta":{"footnotes":"","_links_to":"","_links_to_target":""},"class_list":["post-7822","page","type-page","status-publish","has-post-thumbnail","hentry"],"acf":[],"_links":{"self":[{"href":"https:\/\/bestyachts.net\/tr\/wp-json\/wp\/v2\/pages\/7822","targetHints":{"allow":["GET"]}}],"collection":[{"href":"https:\/\/bestyachts.net\/tr\/wp-json\/wp\/v2\/pages"}],"about":[{"href":"https:\/\/bestyachts.net\/tr\/wp-json\/wp\/v2\/types\/page"}],"author":[{"embeddable":true,"href":"https:\/\/bestyachts.net\/tr\/wp-json\/wp\/v2\/users\/1"}],"replies":[{"embeddable":true,"href":"https:\/\/bestyachts.net\/tr\/wp-json\/wp\/v2\/comments?post=7822"}],"version-history":[{"count":56,"href":"https:\/\/bestyachts.net\/tr\/wp-json\/wp\/v2\/pages\/7822\/revisions"}],"predecessor-version":[{"id":10565,"href":"https:\/\/bestyachts.net\/tr\/wp-json\/wp\/v2\/pages\/7822\/revisions\/10565"}],"up":[{"embeddable":true,"href":"https:\/\/bestyachts.net\/tr\/wp-json\/wp\/v2\/pages\/546"}],"wp:featuredmedia":[{"embeddable":true,"href":"https:\/\/bestyachts.net\/tr\/wp-json\/wp\/v2\/media\/10031"}],"wp:attachment":[{"href":"https:\/\/bestyachts.net\/tr\/wp-json\/wp\/v2\/media?parent=7822"}],"curies":[{"name":"wp","href":"https:\/\/api.w.org\/{rel}","templated":true}]}}